{"id":205738,"date":"2025-01-15T01:25:40","date_gmt":"2025-01-15T01:25:40","guid":{"rendered":"https:\/\/sapoconchosp.alexverdia.es\/?page_id=205738"},"modified":"2025-01-15T19:13:41","modified_gmt":"2025-01-15T19:13:41","slug":"ala-2","status":"publish","type":"page","link":"https:\/\/alivethanksforasking.alexverdia.com\/index.php\/ala-2\/","title":{"rendered":"Ala"},"content":{"rendered":"<p>[et_pb_section fb_built=\u00bb1&#8243; custom_padding_last_edited=\u00bbon|tablet\u00bb admin_label=\u00bbHero Section\u00bb _builder_version=\u00bb4.27.4&#8243; background_color=\u00bb#7790aa\u00bb background_image=\u00bbhttps:\/\/alivethanksforasking.alexverdia.com\/\/wp-content\/uploads\/2025\/01\/ala.png\u00bb custom_padding=\u00bb100px|0px|100px|0px\u00bb custom_padding_tablet=\u00bb|||\u00bb custom_padding_phone=\u00bb|||\u00bb global_colors_info=\u00bb{}\u00bb][et_pb_row _builder_version=\u00bb4.16&#8243; custom_padding=\u00bb|||\u00bb animation_style=\u00bbslide\u00bb animation_direction=\u00bbbottom\u00bb animation_intensity_slide=\u00bb10%\u00bb global_colors_info=\u00bb{}\u00bb][et_pb_column type=\u00bb4_4&#8243; _builder_version=\u00bb4.16&#8243; custom_padding=\u00bb|||\u00bb global_colors_info=\u00bb{}\u00bb custom_padding__hover=\u00bb|||\u00bb][et_pb_text admin_label=\u00bbTitle and subhead\u00bb _builder_version=\u00bb4.27.4&#8243; text_font=\u00bbUbuntu||||||||\u00bb text_font_size=\u00bb16px\u00bb text_line_height=\u00bb1.8em\u00bb header_font=\u00bbAnonymous Pro|700|||||||\u00bb header_font_size=\u00bb50px\u00bb header_line_height=\u00bb1.4em\u00bb header_2_font=\u00bb||||||||\u00bb text_orientation=\u00bbcenter\u00bb max_width=\u00bb600px\u00bb module_alignment=\u00bbcenter\u00bb header_font_size_tablet=\u00bb\u00bb header_font_size_phone=\u00bb40px\u00bb header_font_size_last_edited=\u00bbon|desktop\u00bb locked=\u00bboff\u00bb global_colors_info=\u00bb{}\u00bb]<\/p>\n<h1>ALA<\/h1>\n<p><span style=\"font-weight: 400; color: #262626;\">Responsable del hemisferio derecho del cerebro de La Criatura<\/span><\/p>\n<p>[\/et_pb_text][\/et_pb_column][\/et_pb_row][\/et_pb_section][et_pb_section fb_built=\u00bb1&#8243; admin_label=\u00bbOur Services\u00bb _builder_version=\u00bb4.27.4&#8243; background_enable_color=\u00bboff\u00bb custom_padding=\u00bb60px|0px|100px|0px||\u00bb saved_tabs=\u00bball\u00bb global_colors_info=\u00bb{}\u00bb][et_pb_row admin_label=\u00bbServices\u00bb _builder_version=\u00bb4.16&#8243; global_colors_info=\u00bb{}\u00bb][et_pb_column type=\u00bb4_4&#8243; _builder_version=\u00bb4.16&#8243; custom_padding=\u00bb|||\u00bb global_colors_info=\u00bb{}\u00bb custom_padding__hover=\u00bb|||\u00bb][et_pb_text admin_label=\u00bbTitle and subhead\u00bb _builder_version=\u00bb4.27.4&#8243; text_font=\u00bbNoto Sans Bengali||||||||\u00bb text_text_color=\u00bbrgba(255,255,255,0.7)\u00bb text_font_size=\u00bb16px\u00bb text_line_height=\u00bb1.8em\u00bb header_font=\u00bb||||||||\u00bb header_2_font=\u00bbAnonymous Pro|700|||||||\u00bb header_2_text_color=\u00bb#000000&#8243; header_2_font_size=\u00bb40px\u00bb header_2_line_height=\u00bb1.4em\u00bb background_color=\u00bb#b9caec\u00bb text_orientation=\u00bbcenter\u00bb background_layout=\u00bbdark\u00bb max_width=\u00bb600px\u00bb module_alignment=\u00bbcenter\u00bb global_colors_info=\u00bb{}\u00bb]<\/p>\n<h2>CARACTER\u00cdSTICAS<\/h2>\n<p>[\/et_pb_text][\/et_pb_column][\/et_pb_row][et_pb_row column_structure=\u00bb1_4,1_4,1_4,1_4&#8243; _builder_version=\u00bb4.24.0&#8243; _module_preset=\u00bbdefault\u00bb global_colors_info=\u00bb{}\u00bb][et_pb_column type=\u00bb1_4&#8243; _builder_version=\u00bb4.24.0&#8243; _module_preset=\u00bbdefault\u00bb global_colors_info=\u00bb{}\u00bb][et_pb_blurb title=\u00bbHabladora\u00bb _builder_version=\u00bb4.27.4&#8243; _module_preset=\u00bbdefault\u00bb header_font=\u00bbSarala||||||||\u00bb header_text_align=\u00bbcenter\u00bb body_font=\u00bbNoto Sans Bengali||||||||\u00bb hover_enabled=\u00bb0&#8243; global_colors_info=\u00bb{}\u00bb sticky_enabled=\u00bb0&#8243;]<\/p>\n<p style=\"text-align: center;\">\n<p style=\"text-align: center;\"><span style=\"font-weight: 400;\"><\/span><\/p>\n<p>[\/et_pb_blurb][\/et_pb_column][et_pb_column type=\u00bb1_4&#8243; _builder_version=\u00bb4.24.0&#8243; _module_preset=\u00bbdefault\u00bb global_colors_info=\u00bb{}\u00bb][et_pb_blurb title=\u00bbComprensiva\u00bb _builder_version=\u00bb4.27.4&#8243; _module_preset=\u00bbdefault\u00bb header_font=\u00bbSarala||||||||\u00bb header_text_align=\u00bbcenter\u00bb body_font=\u00bbNoto Sans Bengali||||||||\u00bb hover_enabled=\u00bb0&#8243; global_colors_info=\u00bb{}\u00bb sticky_enabled=\u00bb0&#8243;][\/et_pb_blurb][\/et_pb_column][et_pb_column type=\u00bb1_4&#8243; _builder_version=\u00bb4.24.0&#8243; _module_preset=\u00bbdefault\u00bb global_colors_info=\u00bb{}\u00bb][et_pb_blurb title=\u00bbAlegre\u00bb _builder_version=\u00bb4.27.4&#8243; _module_preset=\u00bbdefault\u00bb header_font=\u00bbSarala||||||||\u00bb header_text_align=\u00bbcenter\u00bb body_font=\u00bbNoto Sans Bengali||||||||\u00bb hover_enabled=\u00bb0&#8243; global_colors_info=\u00bb{}\u00bb sticky_enabled=\u00bb0&#8243;][\/et_pb_blurb][\/et_pb_column][et_pb_column type=\u00bb1_4&#8243; _builder_version=\u00bb4.24.0&#8243; _module_preset=\u00bbdefault\u00bb global_colors_info=\u00bb{}\u00bb][et_pb_blurb title=\u00bbCreativa\u00bb _builder_version=\u00bb4.27.4&#8243; _module_preset=\u00bbdefault\u00bb header_font=\u00bbSarala||||||||\u00bb header_text_align=\u00bbcenter\u00bb body_font=\u00bbNoto Sans Bengali||||||||\u00bb hover_enabled=\u00bb0&#8243; global_colors_info=\u00bb{}\u00bb sticky_enabled=\u00bb0&#8243;][\/et_pb_blurb][\/et_pb_column][\/et_pb_row][et_pb_row column_structure=\u00bb1_2,1_2&#8243; admin_label=\u00bbServices\u00bb _builder_version=\u00bb4.16&#8243; global_colors_info=\u00bb{}\u00bb][et_pb_column type=\u00bb1_2&#8243; _builder_version=\u00bb4.16&#8243; custom_padding=\u00bb|||\u00bb global_colors_info=\u00bb{}\u00bb custom_padding__hover=\u00bb|||\u00bb][et_pb_blurb title=\u00bbHabilidades sociales\u00bb admin_label=\u00bbService\u00bb _builder_version=\u00bb4.27.4&#8243; header_font=\u00bbAnonymous Pro|600|||||||\u00bb header_text_align=\u00bbcenter\u00bb header_text_color=\u00bb#000000&#8243; header_font_size=\u00bb20px\u00bb header_line_height=\u00bb1.7em\u00bb body_font=\u00bbNoto Sans Bengali||||||||\u00bb body_text_align=\u00bbcenter\u00bb body_text_color=\u00bbrgba(28,28,28,0.7)\u00bb body_font_size=\u00bb16px\u00bb body_line_height=\u00bb1.8em\u00bb background_color=\u00bb#d4a1da\u00bb background_layout=\u00bbdark\u00bb custom_padding=\u00bb60px|30px|60px|40px\u00bb animation_style=\u00bbslide\u00bb animation_direction=\u00bbbottom\u00bb animation_delay=\u00bb100ms\u00bb animation_intensity_slide=\u00bb10%\u00bb animation=\u00bboff\u00bb border_radii=\u00bbon|5px|5px|5px|5px\u00bb global_colors_info=\u00bb{}\u00bb]<\/p>\n<p><span style=\"font-weight: 400;\">Es una gran oradora pero tiende a ser muy positiva y a hablar demasiado, lo que no es siempre \u00fatil en un ambiente laboral. A\u00fan as\u00ed, se ha ganado la simpat\u00eda de todo el mundo, ya que siempre tiene soluciones creativas para ayudar a todo el mundo.<\/span><\/p>\n<p>[\/et_pb_blurb][\/et_pb_column][et_pb_column type=\u00bb1_2&#8243; _builder_version=\u00bb4.24.0&#8243; _module_preset=\u00bbdefault\u00bb global_colors_info=\u00bb{}\u00bb][et_pb_blurb title=\u00bbGag del juego\u00bb admin_label=\u00bbService\u00bb _builder_version=\u00bb4.27.4&#8243; header_font=\u00bbAnonymous Pro|600|||||||\u00bb header_text_align=\u00bbcenter\u00bb header_font_size=\u00bb20px\u00bb header_line_height=\u00bb1.7em\u00bb body_font=\u00bbNoto Sans Bengali||||||||\u00bb body_text_align=\u00bbcenter\u00bb body_text_color=\u00bb#494949&#8243; body_font_size=\u00bb16px\u00bb body_line_height=\u00bb1.8em\u00bb background_color=\u00bb#ebb5c4&#8243; custom_padding=\u00bb60px|30px|60px|40px\u00bb animation_style=\u00bbslide\u00bb animation_direction=\u00bbbottom\u00bb animation_delay=\u00bb200ms\u00bb animation_intensity_slide=\u00bb10%\u00bb animation=\u00bboff\u00bb border_radii=\u00bbon|5px|5px|5px|5px\u00bb global_colors_info=\u00bb{}\u00bb]<\/p>\n<p><span style=\"font-weight: 400;\">Es el personaje \u201ctutorial\u201d da consejos a <a href=\"https:\/\/alivethanksforasking.alexverdia.com\/\/index.php\/zenacharacter\/\">Zena<\/a> cuando la llama pedirle una tila.<\/span><\/p>\n<p>[\/et_pb_blurb][\/et_pb_column][\/et_pb_row][\/et_pb_section][et_pb_section fb_built=\u00bb1&#8243; admin_label=\u00bbThings We Do Best\u00bb _builder_version=\u00bb4.27.4&#8243; background_color=\u00bb#919191&#8243; custom_padding=\u00bb100px|0px|1px|0px||\u00bb global_colors_info=\u00bb{}\u00bb][et_pb_row column_structure=\u00bb1_4,3_4&#8243; admin_label=\u00bbTittle Row\u00bb _builder_version=\u00bb4.16&#8243; global_colors_info=\u00bb{}\u00bb][et_pb_column type=\u00bb1_4&#8243; _builder_version=\u00bb4.16&#8243; custom_padding=\u00bb|||\u00bb global_colors_info=\u00bb{}\u00bb custom_padding__hover=\u00bb|||\u00bb][et_pb_text admin_label=\u00bbTitle\u00bb _builder_version=\u00bb4.27.4&#8243; text_font=\u00bbNoto Sans Bengali||||||||\u00bb text_text_color=\u00bb#FFFFFF\u00bb text_font_size=\u00bb16px\u00bb text_line_height=\u00bb1.8em\u00bb header_font=\u00bbNoto Sans Bengali||||||||\u00bb header_2_font=\u00bbAnonymous Pro|700|||||||\u00bb header_2_text_color=\u00bb#FFFFFF\u00bb header_2_font_size=\u00bb40px\u00bb header_2_line_height=\u00bb1.4em\u00bb text_orientation=\u00bbcenter\u00bb max_width=\u00bb600px\u00bb module_alignment=\u00bbcenter\u00bb custom_margin=\u00bb|||\u00bb global_colors_info=\u00bb{}\u00bb]<\/p>\n<h2 style=\"text-align: center;\"><span style=\"font-size: xx-large;\">FISICAMENTE<\/span><\/h2>\n<p><span style=\"font-weight: 400;\">Muy similar a Zena. Su cuerpo es una mezcla entre un ser humano encogido y jorobado y una tortuga. Sus tonos son amarillos y azules, colores que son los cl\u00e1sicos tanto para hablar de la creatividad (amarillo) como de los sue\u00f1os o enso\u00f1aciones (azul). Se trata de un ser alargado en lo que lo \u00fanico completamente r\u00edgido, parece ser su caparaz\u00f3n cerebral.<\/span><\/p>\n<p>[\/et_pb_text][\/et_pb_column][et_pb_column type=\u00bb3_4&#8243; _builder_version=\u00bb4.16&#8243; custom_padding=\u00bb|||\u00bb global_colors_info=\u00bb{}\u00bb custom_padding__hover=\u00bb|||\u00bb][et_pb_image src=\u00bbhttps:\/\/alivethanksforasking.alexverdia.com\/\/wp-content\/uploads\/2025\/01\/ala.png\u00bb title_text=\u00bbvuck_modelSheet_v02&#8243; _builder_version=\u00bb4.27.4&#8243; _module_preset=\u00bbdefault\u00bb global_colors_info=\u00bb{}\u00bb][\/et_pb_image][\/et_pb_column][\/et_pb_row][et_pb_row column_structure=\u00bb1_3,1_3,1_3&#8243; use_custom_gutter=\u00bbon\u00bb gutter_width=\u00bb2&#8243; admin_label=\u00bbCore Skill\u00bb _builder_version=\u00bb4.16&#8243; global_colors_info=\u00bb{}\u00bb][et_pb_column type=\u00bb1_3&#8243; _builder_version=\u00bb4.16&#8243; custom_padding=\u00bb|||\u00bb global_colors_info=\u00bb{}\u00bb custom_padding__hover=\u00bb|||\u00bb][et_pb_blurb title=\u00bbMOVIMIENTO\u00bb admin_label=\u00bbService\u00bb _builder_version=\u00bb4.27.4&#8243; header_font=\u00bbAnonymous Pro|600|||||||\u00bb header_text_align=\u00bbcenter\u00bb header_font_size=\u00bb20px\u00bb header_line_height=\u00bb1.7em\u00bb body_font=\u00bbNoto Sans Bengali||||||||\u00bb body_text_align=\u00bbcenter\u00bb body_text_color=\u00bb#494949&#8243; body_font_size=\u00bb16px\u00bb body_line_height=\u00bb1.8em\u00bb background_color=\u00bb#aac0ed\u00bb custom_padding=\u00bb60px|30px|60px|40px\u00bb animation_style=\u00bbslide\u00bb animation_direction=\u00bbbottom\u00bb animation_delay=\u00bb200ms\u00bb animation_intensity_slide=\u00bb10%\u00bb animation=\u00bboff\u00bb border_radii=\u00bbon|5px|5px|5px|5px\u00bb global_colors_info=\u00bb{}\u00bb]<\/p>\n<p><span style=\"font-weight: 400;\">Animaci\u00f3n de estilo cartoon reforzada por sus brazos estilo fideo, su movimiento es muy poco brusco y flotante, como si estuviese sobre una nube.<\/span><\/p>\n<p>[\/et_pb_blurb][\/et_pb_column][et_pb_column type=\u00bb1_3&#8243; _builder_version=\u00bb4.16&#8243; custom_padding=\u00bb|||\u00bb global_colors_info=\u00bb{}\u00bb custom_padding__hover=\u00bb|||\u00bb][et_pb_blurb title=\u00bbELEMENTOS DISTINTIVOS\u00bb admin_label=\u00bbService\u00bb _builder_version=\u00bb4.27.4&#8243; header_font=\u00bbAnonymous Pro|600|||||||\u00bb header_text_align=\u00bbcenter\u00bb header_text_color=\u00bb#FFFFFF\u00bb header_font_size=\u00bb20px\u00bb header_line_height=\u00bb1.7em\u00bb body_font=\u00bbNoto Sans Bengali||||||||\u00bb body_text_align=\u00bbcenter\u00bb body_text_color=\u00bb#FFFFFF\u00bb body_font_size=\u00bb16px\u00bb body_line_height=\u00bb1.8em\u00bb background_color=\u00bb#81a7bf\u00bb custom_padding=\u00bb60px|30px|60px|40px\u00bb animation_style=\u00bbslide\u00bb animation_direction=\u00bbbottom\u00bb animation_delay=\u00bb200ms\u00bb animation_intensity_slide=\u00bb10%\u00bb animation=\u00bboff\u00bb border_radii=\u00bbon|5px|5px|5px|5px\u00bb global_colors_info=\u00bb{}\u00bb]<\/p>\n<p><span style=\"font-weight: 400;\">Tiene solo un lado de caparaz\u00f3n similar a un cerebro, pero el suyo a diferencia del de Zena, tiene dibujos de nubes en \u00e9l.<\/span><\/p>\n<p>[\/et_pb_blurb][\/et_pb_column][et_pb_column type=\u00bb1_3&#8243; _builder_version=\u00bb4.16&#8243; custom_padding=\u00bb|||\u00bb global_colors_info=\u00bb{}\u00bb custom_padding__hover=\u00bb|||\u00bb][et_pb_blurb title=\u00bbCONTEXTO\u00bb admin_label=\u00bbService\u00bb _builder_version=\u00bb4.27.4&#8243; header_font=\u00bbAnonymous Pro|600|||||||\u00bb header_text_align=\u00bbcenter\u00bb header_text_color=\u00bb#FFFFFF\u00bb header_font_size=\u00bb20px\u00bb header_line_height=\u00bb1.7em\u00bb body_font=\u00bbNoto Sans Bengali||||||||\u00bb body_text_align=\u00bbcenter\u00bb body_text_color=\u00bb#FFFFFF\u00bb body_font_size=\u00bb16px\u00bb body_line_height=\u00bb1.8em\u00bb background_color=\u00bb#50649b\u00bb background_layout=\u00bbdark\u00bb custom_padding=\u00bb60px|30px|60px|40px\u00bb animation_style=\u00bbslide\u00bb animation_direction=\u00bbbottom\u00bb animation_delay=\u00bb200ms\u00bb animation_intensity_slide=\u00bb10%\u00bb animation=\u00bboff\u00bb border_radii=\u00bbon|5px|5px|5px|5px\u00bb global_colors_info=\u00bb{}\u00bb]<\/p>\n<p><span style=\"font-weight: 400;\">Ala lleva muchos a\u00f1os tratando de que Zena se deje ayudar y que conf\u00ede un poco m\u00e1s en el equipo con el que est\u00e1 navegando.<\/span><\/p>\n<p>[\/et_pb_blurb][\/et_pb_column][\/et_pb_row][\/et_pb_section][et_pb_section fb_built=\u00bb1&#8243; admin_label=\u00bbFun Facts\u00bb _builder_version=\u00bb4.27.4&#8243; background_color=\u00bb#dbc9d5&#8243; custom_padding=\u00bb100px|0px|100px|0px\u00bb global_colors_info=\u00bb{}\u00bb][et_pb_row admin_label=\u00bbTittle Row\u00bb _builder_version=\u00bb4.16&#8243; global_colors_info=\u00bb{}\u00bb][et_pb_column type=\u00bb4_4&#8243; _builder_version=\u00bb4.16&#8243; custom_padding=\u00bb|||\u00bb global_colors_info=\u00bb{}\u00bb custom_padding__hover=\u00bb|||\u00bb][et_pb_text admin_label=\u00bbTitle and subhead\u00bb _builder_version=\u00bb4.27.4&#8243; text_font=\u00bbNoto Sans Bengali||||||||\u00bb text_text_color=\u00bbrgba(255,255,255,0.7)\u00bb text_font_size=\u00bb16px\u00bb text_line_height=\u00bb1.8em\u00bb header_font=\u00bb||||||||\u00bb header_2_font=\u00bbAnonymous Pro|700|||||||\u00bb header_2_text_color=\u00bb#000000&#8243; header_2_font_size=\u00bb40px\u00bb header_2_line_height=\u00bb1.4em\u00bb text_orientation=\u00bbcenter\u00bb background_layout=\u00bbdark\u00bb max_width=\u00bb600px\u00bb module_alignment=\u00bbcenter\u00bb global_colors_info=\u00bb{}\u00bb]<\/p>\n<h2>DURANTE EL PLOT<\/h2>\n<p>[\/et_pb_text][\/et_pb_column][\/et_pb_row][et_pb_row column_structure=\u00bb1_3,1_3,1_3&#8243; use_custom_gutter=\u00bbon\u00bb gutter_width=\u00bb2&#8243; admin_label=\u00bbCore Skill\u00bb _builder_version=\u00bb4.27.4&#8243; custom_padding=\u00bb||18px|||\u00bb global_colors_info=\u00bb{}\u00bb][et_pb_column type=\u00bb1_3&#8243; _builder_version=\u00bb4.16&#8243; custom_padding=\u00bb|||\u00bb global_colors_info=\u00bb{}\u00bb custom_padding__hover=\u00bb|||\u00bb][et_pb_blurb title=\u00bbOBJETIVO\u00bb admin_label=\u00bbService\u00bb _builder_version=\u00bb4.27.4&#8243; header_font=\u00bbAnonymous Pro|600|||||||\u00bb header_text_align=\u00bbcenter\u00bb header_font_size=\u00bb20px\u00bb header_line_height=\u00bb1.7em\u00bb body_font=\u00bbNoto Sans Bengali||||||||\u00bb body_text_align=\u00bbcenter\u00bb body_text_color=\u00bb#FFFFFF\u00bb body_font_size=\u00bb16px\u00bb body_line_height=\u00bb1.8em\u00bb background_color=\u00bb#9d6e82&#8243; background_layout=\u00bbdark\u00bb custom_padding=\u00bb60px|30px|60px|40px\u00bb animation_style=\u00bbslide\u00bb animation_direction=\u00bbbottom\u00bb animation_delay=\u00bb200ms\u00bb animation_intensity_slide=\u00bb10%\u00bb animation=\u00bboff\u00bb border_radii=\u00bbon|5px|5px|5px|5px\u00bb global_colors_info=\u00bb{}\u00bb]<\/p>\n<p><span style=\"font-weight: 400;\">Bajar el nivel de estr\u00e9s de Zena<\/span><\/p>\n<p>[\/et_pb_blurb][\/et_pb_column][et_pb_column type=\u00bb1_3&#8243; _builder_version=\u00bb4.16&#8243; custom_padding=\u00bb|||\u00bb global_colors_info=\u00bb{}\u00bb custom_padding__hover=\u00bb|||\u00bb][et_pb_blurb title=\u00bbCONFLICTO\u00bb admin_label=\u00bbService\u00bb _builder_version=\u00bb4.27.4&#8243; header_font=\u00bbAnonymous Pro|600|||||||\u00bb header_text_align=\u00bbcenter\u00bb header_font_size=\u00bb20px\u00bb header_line_height=\u00bb1.7em\u00bb body_font=\u00bbNoto Sans Bengali||||||||\u00bb body_text_align=\u00bbcenter\u00bb body_text_color=\u00bb#494949&#8243; body_font_size=\u00bb16px\u00bb body_line_height=\u00bb1.8em\u00bb background_color=\u00bb#bc849c\u00bb custom_padding=\u00bb60px|30px|60px|40px\u00bb animation_style=\u00bbslide\u00bb animation_direction=\u00bbbottom\u00bb animation_delay=\u00bb200ms\u00bb animation_intensity_slide=\u00bb10%\u00bb animation=\u00bboff\u00bb border_radii=\u00bbon|5px|5px|5px|5px\u00bb global_colors_info=\u00bb{}\u00bb]<\/p>\n<p><span style=\"font-weight: 400;\">Zena no se deja ayudar<\/span><\/p>\n<p><span style=\"font-weight: 400;\"><\/span><\/p>\n<p><span style=\"font-weight: 400;\"><\/span><\/p>\n<p>[\/et_pb_blurb][\/et_pb_column][et_pb_column type=\u00bb1_3&#8243; _builder_version=\u00bb4.16&#8243; custom_padding=\u00bb|||\u00bb global_colors_info=\u00bb{}\u00bb custom_padding__hover=\u00bb|||\u00bb][et_pb_blurb title=\u00bbMOTIVACI\u00d3N\u00bb admin_label=\u00bbService\u00bb _builder_version=\u00bb4.27.4&#8243; header_font=\u00bbAnonymous Pro|600|||||||\u00bb header_text_align=\u00bbcenter\u00bb header_text_color=\u00bb#000000&#8243; header_font_size=\u00bb20px\u00bb header_line_height=\u00bb1.7em\u00bb body_font=\u00bbNoto Sans Bengali||||||||\u00bb body_text_align=\u00bbcenter\u00bb body_text_color=\u00bb#000000&#8243; body_font_size=\u00bb16px\u00bb body_line_height=\u00bb1.8em\u00bb background_color=\u00bb#e8b0c9&#8243; custom_padding=\u00bb60px|30px|60px|40px\u00bb animation_style=\u00bbslide\u00bb animation_direction=\u00bbbottom\u00bb animation_delay=\u00bb200ms\u00bb animation_intensity_slide=\u00bb10%\u00bb animation=\u00bboff\u00bb border_radii=\u00bbon|5px|5px|5px|5px\u00bb global_colors_info=\u00bb{}\u00bb]<\/p>\n<p><span style=\"font-weight: 400;\">Fomentar la creatividad y confianza en el equipo<\/span><\/p>\n<p>[\/et_pb_blurb][\/et_pb_column][\/et_pb_row][\/et_pb_section]<\/p>\n","protected":false},"excerpt":{"rendered":"<p>ALA Responsable del hemisferio derecho del cerebro de La CriaturaCARACTER\u00cdSTICAS Es una gran oradora pero tiende a ser muy positiva y a hablar demasiado, lo que no es siempre \u00fatil en un ambiente laboral. A\u00fan as\u00ed, se ha ganado la simpat\u00eda de todo el mundo, ya que siempre tiene soluciones creativas para ayudar a todo [&hellip;]<\/p>\n","protected":false},"author":1,"featured_media":0,"parent":0,"menu_order":0,"comment_status":"closed","ping_status":"closed","template":"","meta":{"_et_pb_use_builder":"on","_et_pb_old_content":"","_et_gb_content_width":"","footnotes":""},"class_list":["post-205738","page","type-page","status-publish","hentry"],"yoast_head":"<!-- This site is optimized with the Yoast SEO Premium plugin v26.1 (Yoast SEO v26.1.1) - https:\/\/yoast.com\/wordpress\/plugins\/seo\/ -->\n<title>Ala - SapoconchoSP<\/title>\n<meta name=\"robots\" content=\"index, follow, max-snippet:-1, max-image-preview:large, max-video-preview:-1\" \/>\n<link rel=\"canonical\" href=\"https:\/\/alivethanksforasking.alexverdia.com\/index.php\/ala-2\/\" \/>\n<meta property=\"og:locale\" content=\"es_ES\" \/>\n<meta property=\"og:type\" content=\"article\" \/>\n<meta property=\"og:title\" content=\"Ala\" \/>\n<meta property=\"og:description\" content=\"ALA Responsable del hemisferio derecho del cerebro de La CriaturaCARACTER\u00cdSTICAS Es una gran oradora pero tiende a ser muy positiva y a hablar demasiado, lo que no es siempre \u00fatil en un ambiente laboral. A\u00fan as\u00ed, se ha ganado la simpat\u00eda de todo el mundo, ya que siempre tiene soluciones creativas para ayudar a todo [&hellip;]\" \/>\n<meta property=\"og:url\" content=\"https:\/\/alivethanksforasking.alexverdia.com\/index.php\/ala-2\/\" \/>\n<meta property=\"og:site_name\" content=\"SapoconchoSP\" \/>\n<meta property=\"article:modified_time\" content=\"2025-01-15T19:13:41+00:00\" \/>\n<meta name=\"twitter:card\" content=\"summary_large_image\" \/>\n<meta name=\"twitter:label1\" content=\"Tiempo de lectura\" \/>\n\t<meta name=\"twitter:data1\" content=\"10 minutos\" \/>\n<script type=\"application\/ld+json\" class=\"yoast-schema-graph\">{\"@context\":\"https:\/\/schema.org\",\"@graph\":[{\"@type\":\"WebPage\",\"@id\":\"https:\/\/alivethanksforasking.alexverdia.com\/index.php\/ala-2\/\",\"url\":\"https:\/\/alivethanksforasking.alexverdia.com\/index.php\/ala-2\/\",\"name\":\"Ala - SapoconchoSP\",\"isPartOf\":{\"@id\":\"https:\/\/alivethanksforasking.alexverdia.com\/#website\"},\"datePublished\":\"2025-01-15T01:25:40+00:00\",\"dateModified\":\"2025-01-15T19:13:41+00:00\",\"breadcrumb\":{\"@id\":\"https:\/\/alivethanksforasking.alexverdia.com\/index.php\/ala-2\/#breadcrumb\"},\"inLanguage\":\"es\",\"potentialAction\":[{\"@type\":\"ReadAction\",\"target\":[\"https:\/\/alivethanksforasking.alexverdia.com\/index.php\/ala-2\/\"]}]},{\"@type\":\"BreadcrumbList\",\"@id\":\"https:\/\/alivethanksforasking.alexverdia.com\/index.php\/ala-2\/#breadcrumb\",\"itemListElement\":[{\"@type\":\"ListItem\",\"position\":1,\"name\":\"Home\",\"item\":\"https:\/\/alivethanksforasking.alexverdia.com\/\"},{\"@type\":\"ListItem\",\"position\":2,\"name\":\"Ala\"}]},{\"@type\":\"WebSite\",\"@id\":\"https:\/\/alivethanksforasking.alexverdia.com\/#website\",\"url\":\"https:\/\/alivethanksforasking.alexverdia.com\/\",\"name\":\"SapoconchoSP\",\"description\":\"Sapoconcho SP\",\"potentialAction\":[{\"@type\":\"SearchAction\",\"target\":{\"@type\":\"EntryPoint\",\"urlTemplate\":\"https:\/\/alivethanksforasking.alexverdia.com\/?s={search_term_string}\"},\"query-input\":{\"@type\":\"PropertyValueSpecification\",\"valueRequired\":true,\"valueName\":\"search_term_string\"}}],\"inLanguage\":\"es\"}]}<\/script>\n<!-- \/ Yoast SEO Premium plugin. -->","yoast_head_json":{"title":"Ala - SapoconchoSP","robots":{"index":"index","follow":"follow","max-snippet":"max-snippet:-1","max-image-preview":"max-image-preview:large","max-video-preview":"max-video-preview:-1"},"canonical":"https:\/\/alivethanksforasking.alexverdia.com\/index.php\/ala-2\/","og_locale":"es_ES","og_type":"article","og_title":"Ala","og_description":"ALA Responsable del hemisferio derecho del cerebro de La CriaturaCARACTER\u00cdSTICAS Es una gran oradora pero tiende a ser muy positiva y a hablar demasiado, lo que no es siempre \u00fatil en un ambiente laboral. A\u00fan as\u00ed, se ha ganado la simpat\u00eda de todo el mundo, ya que siempre tiene soluciones creativas para ayudar a todo [&hellip;]","og_url":"https:\/\/alivethanksforasking.alexverdia.com\/index.php\/ala-2\/","og_site_name":"SapoconchoSP","article_modified_time":"2025-01-15T19:13:41+00:00","twitter_card":"summary_large_image","twitter_misc":{"Tiempo de lectura":"10 minutos"},"schema":{"@context":"https:\/\/schema.org","@graph":[{"@type":"WebPage","@id":"https:\/\/alivethanksforasking.alexverdia.com\/index.php\/ala-2\/","url":"https:\/\/alivethanksforasking.alexverdia.com\/index.php\/ala-2\/","name":"Ala - SapoconchoSP","isPartOf":{"@id":"https:\/\/alivethanksforasking.alexverdia.com\/#website"},"datePublished":"2025-01-15T01:25:40+00:00","dateModified":"2025-01-15T19:13:41+00:00","breadcrumb":{"@id":"https:\/\/alivethanksforasking.alexverdia.com\/index.php\/ala-2\/#breadcrumb"},"inLanguage":"es","potentialAction":[{"@type":"ReadAction","target":["https:\/\/alivethanksforasking.alexverdia.com\/index.php\/ala-2\/"]}]},{"@type":"BreadcrumbList","@id":"https:\/\/alivethanksforasking.alexverdia.com\/index.php\/ala-2\/#breadcrumb","itemListElement":[{"@type":"ListItem","position":1,"name":"Home","item":"https:\/\/alivethanksforasking.alexverdia.com\/"},{"@type":"ListItem","position":2,"name":"Ala"}]},{"@type":"WebSite","@id":"https:\/\/alivethanksforasking.alexverdia.com\/#website","url":"https:\/\/alivethanksforasking.alexverdia.com\/","name":"SapoconchoSP","description":"Sapoconcho SP","potentialAction":[{"@type":"SearchAction","target":{"@type":"EntryPoint","urlTemplate":"https:\/\/alivethanksforasking.alexverdia.com\/?s={search_term_string}"},"query-input":{"@type":"PropertyValueSpecification","valueRequired":true,"valueName":"search_term_string"}}],"inLanguage":"es"}]}},"_links":{"self":[{"href":"https:\/\/alivethanksforasking.alexverdia.com\/index.php\/wp-json\/wp\/v2\/pages\/205738","targetHints":{"allow":["GET"]}}],"collection":[{"href":"https:\/\/alivethanksforasking.alexverdia.com\/index.php\/wp-json\/wp\/v2\/pages"}],"about":[{"href":"https:\/\/alivethanksforasking.alexverdia.com\/index.php\/wp-json\/wp\/v2\/types\/page"}],"author":[{"embeddable":true,"href":"https:\/\/alivethanksforasking.alexverdia.com\/index.php\/wp-json\/wp\/v2\/users\/1"}],"replies":[{"embeddable":true,"href":"https:\/\/alivethanksforasking.alexverdia.com\/index.php\/wp-json\/wp\/v2\/comments?post=205738"}],"version-history":[{"count":5,"href":"https:\/\/alivethanksforasking.alexverdia.com\/index.php\/wp-json\/wp\/v2\/pages\/205738\/revisions"}],"predecessor-version":[{"id":205871,"href":"https:\/\/alivethanksforasking.alexverdia.com\/index.php\/wp-json\/wp\/v2\/pages\/205738\/revisions\/205871"}],"wp:attachment":[{"href":"https:\/\/alivethanksforasking.alexverdia.com\/index.php\/wp-json\/wp\/v2\/media?parent=205738"}],"curies":[{"name":"wp","href":"https:\/\/api.w.org\/{rel}","templated":true}]}}