{"id":205708,"date":"2025-01-15T00:04:46","date_gmt":"2025-01-15T00:04:46","guid":{"rendered":"https:\/\/sapoconchosp.alexverdia.es\/?page_id=205708"},"modified":"2025-01-15T00:07:51","modified_gmt":"2025-01-15T00:07:51","slug":"victoriayderrota","status":"publish","type":"page","link":"https:\/\/alivethanksforasking.alexverdia.com\/index.php\/victoriayderrota\/","title":{"rendered":"VictoriaYderrota"},"content":{"rendered":"<p>[et_pb_section fb_built=\u00bb1&#8243; admin_label=\u00bbOur Services\u00bb _builder_version=\u00bb4.27.4&#8243; background_enable_color=\u00bboff\u00bb custom_padding=\u00bb50px|0px|100px|0px||\u00bb saved_tabs=\u00bball\u00bb global_colors_info=\u00bb{}\u00bb theme_builder_area=\u00bbpost_content\u00bb][et_pb_row admin_label=\u00bbTitle Row\u00bb _builder_version=\u00bb4.27.4&#8243; background_color=\u00bb#ac724b\u00bb width=\u00bb90%\u00bb max_width=\u00bb90%\u00bb custom_margin=\u00bb-1px|auto||auto|false|false\u00bb global_colors_info=\u00bb{}\u00bb theme_builder_area=\u00bbpost_content\u00bb][et_pb_column type=\u00bb4_4&#8243; _builder_version=\u00bb4.16&#8243; custom_padding=\u00bb|||\u00bb global_colors_info=\u00bb{}\u00bb custom_padding__hover=\u00bb|||\u00bb theme_builder_area=\u00bbpost_content\u00bb][et_pb_text admin_label=\u00bbTitle\u00bb _builder_version=\u00bb4.27.4&#8243; text_font=\u00bbNoto Sans Bengali||||||||\u00bb text_text_color=\u00bb#000000&#8243; text_font_size=\u00bb16px\u00bb text_line_height=\u00bb1.8em\u00bb header_font=\u00bbSarala||||||||\u00bb header_2_font=\u00bbAnonymous Pro|700|||||||\u00bb header_2_text_color=\u00bb#000000&#8243; header_2_font_size=\u00bb40px\u00bb header_2_line_height=\u00bb1.4em\u00bb text_orientation=\u00bbcenter\u00bb width=\u00bb90%\u00bb max_width=\u00bb90%\u00bb module_alignment=\u00bbcenter\u00bb global_colors_info=\u00bb{}\u00bb theme_builder_area=\u00bbpost_content\u00bb]<\/p>\n<h2 style=\"text-align: center;\"><span style=\"color: #ffffff;\">VICTORIA Y DERROTA<\/span><\/h2>\n<p>[\/et_pb_text][\/et_pb_column][\/et_pb_row][et_pb_row admin_label=\u00bbTitle Row\u00bb _builder_version=\u00bb4.27.4&#8243; background_enable_color=\u00bboff\u00bb width=\u00bb90%\u00bb max_width=\u00bb90%\u00bb custom_margin=\u00bb-1px|auto||auto|false|false\u00bb global_colors_info=\u00bb{}\u00bb theme_builder_area=\u00bbpost_content\u00bb][et_pb_column type=\u00bb4_4&#8243; _builder_version=\u00bb4.16&#8243; custom_padding=\u00bb|||\u00bb global_colors_info=\u00bb{}\u00bb custom_padding__hover=\u00bb|||\u00bb theme_builder_area=\u00bbpost_content\u00bb][et_pb_text admin_label=\u00bbTitle\u00bb _builder_version=\u00bb4.27.4&#8243; text_font=\u00bbNoto Sans Bengali||||||||\u00bb text_text_color=\u00bb#000000&#8243; text_font_size=\u00bb16px\u00bb text_line_height=\u00bb1.8em\u00bb header_font=\u00bbSarala||||||||\u00bb header_2_font=\u00bbAnonymous Pro|700|||||||\u00bb header_2_text_color=\u00bb#000000&#8243; header_2_font_size=\u00bb40px\u00bb header_2_line_height=\u00bb1.4em\u00bb text_orientation=\u00bbcenter\u00bb width=\u00bb90%\u00bb max_width=\u00bb90%\u00bb module_alignment=\u00bbcenter\u00bb global_colors_info=\u00bb{}\u00bb theme_builder_area=\u00bbpost_content\u00bb]<\/p>\n<h2 style=\"text-align: center;\"><\/h2>\n<p><span style=\"font-weight: 400;\">En Alive, Thanks for Asking, el jugador debe gestionar el organismo de La Criatura durante su compleja migraci\u00f3n. Dependiendo de su desempe\u00f1o, podr\u00e1 alcanzar la victoria o, en su defecto, la derrota.<\/span><\/p>\n<ul><\/ul>\n<p>[\/et_pb_text][\/et_pb_column][\/et_pb_row][et_pb_row column_structure=\u00bb3_5,2_5&#8243; admin_label=\u00bbServices\u00bb _builder_version=\u00bb4.16&#8243; custom_padding=\u00bb30px|||||\u00bb global_colors_info=\u00bb{}\u00bb locked=\u00bboff\u00bb theme_builder_area=\u00bbpost_content\u00bb][et_pb_column type=\u00bb3_5&#8243; _builder_version=\u00bb4.16&#8243; custom_padding=\u00bb|||\u00bb global_colors_info=\u00bb{}\u00bb custom_padding__hover=\u00bb|||\u00bb theme_builder_area=\u00bbpost_content\u00bb][et_pb_text admin_label=\u00bbTitle\u00bb _builder_version=\u00bb4.27.4&#8243; text_font=\u00bbNoto Sans Bengali||||||||\u00bb text_text_color=\u00bb#000000&#8243; text_font_size=\u00bb16px\u00bb text_line_height=\u00bb1.8em\u00bb header_font=\u00bbSarala||||||||\u00bb header_2_font=\u00bbAnonymous Pro|700|||||||\u00bb header_2_text_color=\u00bb#000000&#8243; header_2_font_size=\u00bb40px\u00bb header_2_line_height=\u00bb1.4em\u00bb text_orientation=\u00bbcenter\u00bb width=\u00bb90%\u00bb max_width=\u00bb90%\u00bb module_alignment=\u00bbcenter\u00bb global_colors_info=\u00bb{}\u00bb theme_builder_area=\u00bbpost_content\u00bb]<\/p>\n<h2 style=\"text-align: center;\"><span style=\"font-size: xx-large;\">CONDICI\u00d3N DE DERROTA<\/span><\/h2>\n<p><span style=\"font-weight: 400;\">El jugador puede perder de varias formas, reflejando la fragilidad del organismo y los desaf\u00edos al realizar la migraci\u00f3n. Algunas maneras en la que La Criatura puede morir o quedar varada en el oc\u00e9ano incluyen:<\/span><\/p>\n<ul><\/ul>\n<p>[\/et_pb_text][et_pb_text admin_label=\u00bbTitle\u00bb _builder_version=\u00bb4.27.4&#8243; text_font=\u00bbNoto Sans Bengali||||||||\u00bb text_text_color=\u00bb#000000&#8243; text_font_size=\u00bb16px\u00bb text_line_height=\u00bb1.8em\u00bb header_font=\u00bbSarala||||||||\u00bb header_2_font=\u00bbAnonymous Pro|700|||||||\u00bb header_2_text_color=\u00bb#000000&#8243; header_2_font_size=\u00bb40px\u00bb header_2_line_height=\u00bb1.4em\u00bb text_orientation=\u00bbcenter\u00bb width=\u00bb90%\u00bb max_width=\u00bb90%\u00bb module_alignment=\u00bbcenter\u00bb hover_enabled=\u00bb0&#8243; global_colors_info=\u00bb{}\u00bb theme_builder_area=\u00bbpost_content\u00bb sticky_enabled=\u00bb0&#8243;]<\/p>\n<p><span style=\"font-weight: 400;\">Cada una de estas situaciones obliga al jugador a reaccionar de manera estrat\u00e9gica y tomar decisiones r\u00e1pidas para evitar el fracaso. Con una combinaci\u00f3n de planificaci\u00f3n, reflejos y buena gesti\u00f3n de los problemas, ser\u00e1 posible guiar a La Criatura hacia su destino migratorio.<\/span><\/p>\n<ul><\/ul>\n<p>[\/et_pb_text][\/et_pb_column][et_pb_column type=\u00bb2_5&#8243; _builder_version=\u00bb4.16&#8243; custom_padding=\u00bb|||\u00bb global_colors_info=\u00bb{}\u00bb custom_padding__hover=\u00bb|||\u00bb theme_builder_area=\u00bbpost_content\u00bb][et_pb_accordion _builder_version=\u00bb4.27.4&#8243; _module_preset=\u00bbdefault\u00bb global_colors_info=\u00bb{}\u00bb locked=\u00bboff\u00bb theme_builder_area=\u00bbpost_content\u00bb][et_pb_accordion_item title=\u00bbUna desviaci\u00f3n extrema de la ruta migratoria\u00bb open_toggle_text_color=\u00bb#FFFFFF\u00bb open_toggle_background_color=\u00bb#6b3331&#8243; closed_toggle_text_color=\u00bb#FFFFFF\u00bb closed_toggle_background_color=\u00bb#6b3331&#8243; _builder_version=\u00bb4.27.4&#8243; _module_preset=\u00bbdefault\u00bb body_text_color=\u00bb#FFFFFF\u00bb global_colors_info=\u00bb{}\u00bb toggle_font=\u00bbAnonymous Pro|700|||||||\u00bb closed_toggle_font=\u00bbAnonymous Pro|700|||||||\u00bb open=\u00bbon\u00bb theme_builder_area=\u00bbpost_content\u00bb]<\/p>\n<p><span style=\"font-weight: 400;\">Si el jugador no ajusta el tim\u00f3n a tiempo, La Criatura se puede salir de la ruta establecida lo que puede hacer que acabe en aguas demasiado fr\u00edas.<\/span><\/p>\n<p>[\/et_pb_accordion_item][et_pb_accordion_item title=\u00bbEncuentro con depredadores\u00bb open_toggle_text_color=\u00bb#FFFFFF\u00bb open_toggle_background_color=\u00bb#6b3331&#8243; closed_toggle_text_color=\u00bb#FFFFFF\u00bb closed_toggle_background_color=\u00bb#6b3331&#8243; _builder_version=\u00bb4.27.4&#8243; _module_preset=\u00bbdefault\u00bb body_text_color=\u00bb#FFFFFF\u00bb global_colors_info=\u00bb{}\u00bb toggle_font=\u00bbAnonymous Pro|700|||||||\u00bb closed_toggle_font=\u00bbAnonymous Pro|700|||||||\u00bb open=\u00bboff\u00bb theme_builder_area=\u00bbpost_content\u00bb]<\/p>\n<p><span style=\"font-weight: 400;\">Un rumbo incorrecto puede llegar al organismo a zonas infestadas de depredadores, poniendo en peligro su supervivencia.<\/span><\/p>\n<p>&nbsp;<\/p>\n<p>[\/et_pb_accordion_item][et_pb_accordion_item title=\u00bbEscasez de alimento\u00bb open_toggle_text_color=\u00bb#FFFFFF\u00bb open_toggle_background_color=\u00bb#6b3331&#8243; closed_toggle_text_color=\u00bb#FFFFFF\u00bb closed_toggle_background_color=\u00bb#6b3331&#8243; _builder_version=\u00bb4.27.4&#8243; _module_preset=\u00bbdefault\u00bb body_text_color=\u00bb#FFFFFF\u00bb hover_enabled=\u00bb0&#8243; global_colors_info=\u00bb{}\u00bb toggle_font=\u00bbAnonymous Pro|700|||||||\u00bb closed_toggle_font=\u00bbAnonymous Pro|700|||||||\u00bb open=\u00bboff\u00bb theme_builder_area=\u00bbpost_content\u00bb sticky_enabled=\u00bb0&#8243;]<\/p>\n<p><span style=\"font-weight: 400;\">La\u00a0 falta de comida puede poner en peligro la salud de La Criatura.<\/span><\/p>\n<p>[\/et_pb_accordion_item][et_pb_accordion_item title=\u00bbFalta de ox\u00edgeno o energ\u00eda\u00bb open=\u00bboff\u00bb open_toggle_text_color=\u00bb#FFFFFF\u00bb open_toggle_background_color=\u00bb#6b3331&#8243; closed_toggle_text_color=\u00bb#FFFFFF\u00bb closed_toggle_background_color=\u00bb#6b3331&#8243; _builder_version=\u00bb4.27.4&#8243; _module_preset=\u00bbdefault\u00bb body_text_color=\u00bb#FFFFFF\u00bb global_colors_info=\u00bb{}\u00bb toggle_font=\u00bbAnonymous Pro|700|||||||\u00bb closed_toggle_font=\u00bbAnonymous Pro|700|||||||\u00bb theme_builder_area=\u00bbpost_content\u00bb]<\/p>\n<p><span style=\"font-weight: 400;\">Si los niveles de ox\u00edgeno en sangre o los nutrientes se agotan por una mala gesti\u00f3n del jugador, La Criatura puede colapsar antes de llegar a su destino.<\/span><\/p>\n<p>[\/et_pb_accordion_item][\/et_pb_accordion][\/et_pb_column][\/et_pb_row][et_pb_row admin_label=\u00bbServices\u00bb _builder_version=\u00bb4.16&#8243; custom_padding=\u00bb30px|||||\u00bb global_colors_info=\u00bb{}\u00bb theme_builder_area=\u00bbpost_content\u00bb][et_pb_column type=\u00bb4_4&#8243; _builder_version=\u00bb4.16&#8243; custom_padding=\u00bb|||\u00bb global_colors_info=\u00bb{}\u00bb custom_padding__hover=\u00bb|||\u00bb theme_builder_area=\u00bbpost_content\u00bb][et_pb_text admin_label=\u00bbTitle\u00bb _builder_version=\u00bb4.27.4&#8243; text_font=\u00bbNoto Sans Bengali||||||||\u00bb text_text_color=\u00bb#000000&#8243; text_font_size=\u00bb16px\u00bb text_line_height=\u00bb1.8em\u00bb header_font=\u00bbSarala||||||||\u00bb header_2_font=\u00bbAnonymous Pro|700|||||||\u00bb header_2_text_color=\u00bb#000000&#8243; header_2_font_size=\u00bb40px\u00bb header_2_line_height=\u00bb1.4em\u00bb text_orientation=\u00bbcenter\u00bb width=\u00bb90%\u00bb max_width=\u00bb90%\u00bb module_alignment=\u00bbcenter\u00bb global_colors_info=\u00bb{}\u00bb theme_builder_area=\u00bbpost_content\u00bb]<\/p>\n<h2 style=\"text-align: center;\"><span style=\"font-size: xx-large;\">CONDICI\u00d3N DE VICTORIA<\/span><\/h2>\n<p><span style=\"font-weight: 400;\">Para completar con \u00e9xito el videojuego, el jugador debe hacer que La Criatura consiga llegar sana y salva a su destino. Esto implica mantener su organismo en equilibrio, asegurando un suministro adecuado de nutrientes y ox\u00edgeno, y respondiendo ante cualquier problema que puedan manifestar los diferentes \u00f3rganos y sistemas del organismo.<\/span><\/p>\n<ul><\/ul>\n<p>[\/et_pb_text][\/et_pb_column][\/et_pb_row][\/et_pb_section]<\/p>\n","protected":false},"excerpt":{"rendered":"<p>VICTORIA Y DERROTA En Alive, Thanks for Asking, el jugador debe gestionar el organismo de La Criatura durante su compleja migraci\u00f3n. Dependiendo de su desempe\u00f1o, podr\u00e1 alcanzar la victoria o, en su defecto, la derrota. CONDICI\u00d3N DE DERROTA El jugador puede perder de varias formas, reflejando la fragilidad del organismo y los desaf\u00edos al realizar [&hellip;]<\/p>\n","protected":false},"author":1,"featured_media":0,"parent":0,"menu_order":0,"comment_status":"closed","ping_status":"closed","template":"","meta":{"_et_pb_use_builder":"on","_et_pb_old_content":"","_et_gb_content_width":"","footnotes":""},"class_list":["post-205708","page","type-page","status-publish","hentry"],"yoast_head":"<!-- This site is optimized with the Yoast SEO Premium plugin v26.1 (Yoast SEO v26.1.1) - https:\/\/yoast.com\/wordpress\/plugins\/seo\/ -->\n<title>VictoriaYderrota - SapoconchoSP<\/title>\n<meta name=\"robots\" content=\"index, follow, max-snippet:-1, max-image-preview:large, max-video-preview:-1\" \/>\n<link rel=\"canonical\" href=\"https:\/\/alivethanksforasking.alexverdia.com\/index.php\/victoriayderrota\/\" \/>\n<meta property=\"og:locale\" content=\"es_ES\" \/>\n<meta property=\"og:type\" content=\"article\" \/>\n<meta property=\"og:title\" content=\"VictoriaYderrota\" \/>\n<meta property=\"og:description\" content=\"VICTORIA Y DERROTA En Alive, Thanks for Asking, el jugador debe gestionar el organismo de La Criatura durante su compleja migraci\u00f3n. Dependiendo de su desempe\u00f1o, podr\u00e1 alcanzar la victoria o, en su defecto, la derrota. CONDICI\u00d3N DE DERROTA El jugador puede perder de varias formas, reflejando la fragilidad del organismo y los desaf\u00edos al realizar [&hellip;]\" \/>\n<meta property=\"og:url\" content=\"https:\/\/alivethanksforasking.alexverdia.com\/index.php\/victoriayderrota\/\" \/>\n<meta property=\"og:site_name\" content=\"SapoconchoSP\" \/>\n<meta property=\"article:modified_time\" content=\"2025-01-15T00:07:51+00:00\" \/>\n<meta name=\"twitter:card\" content=\"summary_large_image\" \/>\n<meta name=\"twitter:label1\" content=\"Tiempo de lectura\" \/>\n\t<meta name=\"twitter:data1\" content=\"6 minutos\" \/>\n<script type=\"application\/ld+json\" class=\"yoast-schema-graph\">{\"@context\":\"https:\/\/schema.org\",\"@graph\":[{\"@type\":\"WebPage\",\"@id\":\"https:\/\/alivethanksforasking.alexverdia.com\/index.php\/victoriayderrota\/\",\"url\":\"https:\/\/alivethanksforasking.alexverdia.com\/index.php\/victoriayderrota\/\",\"name\":\"VictoriaYderrota - SapoconchoSP\",\"isPartOf\":{\"@id\":\"https:\/\/alivethanksforasking.alexverdia.com\/#website\"},\"datePublished\":\"2025-01-15T00:04:46+00:00\",\"dateModified\":\"2025-01-15T00:07:51+00:00\",\"breadcrumb\":{\"@id\":\"https:\/\/alivethanksforasking.alexverdia.com\/index.php\/victoriayderrota\/#breadcrumb\"},\"inLanguage\":\"es\",\"potentialAction\":[{\"@type\":\"ReadAction\",\"target\":[\"https:\/\/alivethanksforasking.alexverdia.com\/index.php\/victoriayderrota\/\"]}]},{\"@type\":\"BreadcrumbList\",\"@id\":\"https:\/\/alivethanksforasking.alexverdia.com\/index.php\/victoriayderrota\/#breadcrumb\",\"itemListElement\":[{\"@type\":\"ListItem\",\"position\":1,\"name\":\"Home\",\"item\":\"https:\/\/alivethanksforasking.alexverdia.com\/\"},{\"@type\":\"ListItem\",\"position\":2,\"name\":\"VictoriaYderrota\"}]},{\"@type\":\"WebSite\",\"@id\":\"https:\/\/alivethanksforasking.alexverdia.com\/#website\",\"url\":\"https:\/\/alivethanksforasking.alexverdia.com\/\",\"name\":\"SapoconchoSP\",\"description\":\"Sapoconcho SP\",\"potentialAction\":[{\"@type\":\"SearchAction\",\"target\":{\"@type\":\"EntryPoint\",\"urlTemplate\":\"https:\/\/alivethanksforasking.alexverdia.com\/?s={search_term_string}\"},\"query-input\":{\"@type\":\"PropertyValueSpecification\",\"valueRequired\":true,\"valueName\":\"search_term_string\"}}],\"inLanguage\":\"es\"}]}<\/script>\n<!-- \/ Yoast SEO Premium plugin. -->","yoast_head_json":{"title":"VictoriaYderrota - SapoconchoSP","robots":{"index":"index","follow":"follow","max-snippet":"max-snippet:-1","max-image-preview":"max-image-preview:large","max-video-preview":"max-video-preview:-1"},"canonical":"https:\/\/alivethanksforasking.alexverdia.com\/index.php\/victoriayderrota\/","og_locale":"es_ES","og_type":"article","og_title":"VictoriaYderrota","og_description":"VICTORIA Y DERROTA En Alive, Thanks for Asking, el jugador debe gestionar el organismo de La Criatura durante su compleja migraci\u00f3n. Dependiendo de su desempe\u00f1o, podr\u00e1 alcanzar la victoria o, en su defecto, la derrota. CONDICI\u00d3N DE DERROTA El jugador puede perder de varias formas, reflejando la fragilidad del organismo y los desaf\u00edos al realizar [&hellip;]","og_url":"https:\/\/alivethanksforasking.alexverdia.com\/index.php\/victoriayderrota\/","og_site_name":"SapoconchoSP","article_modified_time":"2025-01-15T00:07:51+00:00","twitter_card":"summary_large_image","twitter_misc":{"Tiempo de lectura":"6 minutos"},"schema":{"@context":"https:\/\/schema.org","@graph":[{"@type":"WebPage","@id":"https:\/\/alivethanksforasking.alexverdia.com\/index.php\/victoriayderrota\/","url":"https:\/\/alivethanksforasking.alexverdia.com\/index.php\/victoriayderrota\/","name":"VictoriaYderrota - SapoconchoSP","isPartOf":{"@id":"https:\/\/alivethanksforasking.alexverdia.com\/#website"},"datePublished":"2025-01-15T00:04:46+00:00","dateModified":"2025-01-15T00:07:51+00:00","breadcrumb":{"@id":"https:\/\/alivethanksforasking.alexverdia.com\/index.php\/victoriayderrota\/#breadcrumb"},"inLanguage":"es","potentialAction":[{"@type":"ReadAction","target":["https:\/\/alivethanksforasking.alexverdia.com\/index.php\/victoriayderrota\/"]}]},{"@type":"BreadcrumbList","@id":"https:\/\/alivethanksforasking.alexverdia.com\/index.php\/victoriayderrota\/#breadcrumb","itemListElement":[{"@type":"ListItem","position":1,"name":"Home","item":"https:\/\/alivethanksforasking.alexverdia.com\/"},{"@type":"ListItem","position":2,"name":"VictoriaYderrota"}]},{"@type":"WebSite","@id":"https:\/\/alivethanksforasking.alexverdia.com\/#website","url":"https:\/\/alivethanksforasking.alexverdia.com\/","name":"SapoconchoSP","description":"Sapoconcho SP","potentialAction":[{"@type":"SearchAction","target":{"@type":"EntryPoint","urlTemplate":"https:\/\/alivethanksforasking.alexverdia.com\/?s={search_term_string}"},"query-input":{"@type":"PropertyValueSpecification","valueRequired":true,"valueName":"search_term_string"}}],"inLanguage":"es"}]}},"_links":{"self":[{"href":"https:\/\/alivethanksforasking.alexverdia.com\/index.php\/wp-json\/wp\/v2\/pages\/205708","targetHints":{"allow":["GET"]}}],"collection":[{"href":"https:\/\/alivethanksforasking.alexverdia.com\/index.php\/wp-json\/wp\/v2\/pages"}],"about":[{"href":"https:\/\/alivethanksforasking.alexverdia.com\/index.php\/wp-json\/wp\/v2\/types\/page"}],"author":[{"embeddable":true,"href":"https:\/\/alivethanksforasking.alexverdia.com\/index.php\/wp-json\/wp\/v2\/users\/1"}],"replies":[{"embeddable":true,"href":"https:\/\/alivethanksforasking.alexverdia.com\/index.php\/wp-json\/wp\/v2\/comments?post=205708"}],"version-history":[{"count":3,"href":"https:\/\/alivethanksforasking.alexverdia.com\/index.php\/wp-json\/wp\/v2\/pages\/205708\/revisions"}],"predecessor-version":[{"id":205713,"href":"https:\/\/alivethanksforasking.alexverdia.com\/index.php\/wp-json\/wp\/v2\/pages\/205708\/revisions\/205713"}],"wp:attachment":[{"href":"https:\/\/alivethanksforasking.alexverdia.com\/index.php\/wp-json\/wp\/v2\/media?parent=205708"}],"curies":[{"name":"wp","href":"https:\/\/api.w.org\/{rel}","templated":true}]}}