{"id":205653,"date":"2025-01-14T20:49:45","date_gmt":"2025-01-14T20:49:45","guid":{"rendered":"https:\/\/sapoconchosp.alexverdia.es\/?page_id=205653"},"modified":"2025-01-15T19:14:39","modified_gmt":"2025-01-15T19:14:39","slug":"coreloop","status":"publish","type":"page","link":"https:\/\/alivethanksforasking.alexverdia.com\/index.php\/coreloop\/","title":{"rendered":"CoreLoop"},"content":{"rendered":"<p>[et_pb_section fb_built=\u00bb1&#8243; admin_label=\u00bbOur Services\u00bb _builder_version=\u00bb4.27.4&#8243; background_enable_color=\u00bboff\u00bb custom_padding=\u00bb50px|0px|100px|0px||\u00bb saved_tabs=\u00bball\u00bb global_colors_info=\u00bb{}\u00bb][et_pb_row admin_label=\u00bbTitle Row\u00bb _builder_version=\u00bb4.27.4&#8243; background_color=\u00bb#dad69e\u00bb width=\u00bb90%\u00bb max_width=\u00bb90%\u00bb custom_margin=\u00bb-1px|auto||auto|false|false\u00bb custom_padding=\u00bb28px|||||\u00bb global_colors_info=\u00bb{}\u00bb][et_pb_column type=\u00bb4_4&#8243; _builder_version=\u00bb4.16&#8243; custom_padding=\u00bb|||\u00bb global_colors_info=\u00bb{}\u00bb custom_padding__hover=\u00bb|||\u00bb][et_pb_text admin_label=\u00bbTitle\u00bb _builder_version=\u00bb4.27.4&#8243; text_font=\u00bbNoto Sans Bengali||||||||\u00bb text_text_color=\u00bb#000000&#8243; text_font_size=\u00bb16px\u00bb text_line_height=\u00bb1.8em\u00bb header_font=\u00bbSarala||||||||\u00bb header_2_font=\u00bbAnonymous Pro|700|||||||\u00bb header_2_text_color=\u00bb#000000&#8243; header_2_font_size=\u00bb40px\u00bb header_2_line_height=\u00bb1.4em\u00bb text_orientation=\u00bbcenter\u00bb width=\u00bb90%\u00bb max_width=\u00bb90%\u00bb module_alignment=\u00bbcenter\u00bb global_colors_info=\u00bb{}\u00bb]<\/p>\n<h2 style=\"text-align: center;\"><span style=\"color: #000000;\">CORE LOOP<\/span><\/h2>\n<p><span style=\"font-weight: 400;\">Se trata de un core loop <strong>estrat\u00e9gico<\/strong>, lo que implica que en ambos modos de juego, prima la estrategia del jugador frente a la linealidad de la historia. Se trata de un loop en el que priman los objetivos para generar recursos para avanzar, lo que genera que el jugador se mueva por la capa de retenci\u00f3n, siendo la historia y sus di\u00e1logos un incentivo para llevar a aquellos que ya se hayan enganchado con sus <a href=\"https:\/\/alivethanksforasking.alexverdia.com\/\/index.php\/mecanicas\/\">mec\u00e1nicas<\/a> sencillas a la capa super fan.<\/span><\/p>\n<ul>\n<ul><\/ul>\n<\/ul>\n<p>[\/et_pb_text][\/et_pb_column][\/et_pb_row][et_pb_row column_structure=\u00bb3_5,2_5&#8243; admin_label=\u00bbTitle Row\u00bb _builder_version=\u00bb4.27.4&#8243; background_enable_color=\u00bboff\u00bb width=\u00bb90%\u00bb max_width=\u00bb90%\u00bb custom_margin=\u00bb-1px|auto||auto|false|false\u00bb custom_padding=\u00bb28px|||||\u00bb global_colors_info=\u00bb{}\u00bb][et_pb_column type=\u00bb3_5&#8243; _builder_version=\u00bb4.16&#8243; custom_padding=\u00bb|||\u00bb global_colors_info=\u00bb{}\u00bb custom_padding__hover=\u00bb|||\u00bb][et_pb_image src=\u00bbhttps:\/\/alivethanksforasking.alexverdia.com\/\/wp-content\/uploads\/2025\/01\/Coreloop.png\u00bb align=\u00bbcenter\u00bb _builder_version=\u00bb4.27.4&#8243; _module_preset=\u00bbdefault\u00bb global_colors_info=\u00bb{}\u00bb][\/et_pb_image][\/et_pb_column][et_pb_column type=\u00bb2_5&#8243; _builder_version=\u00bb4.16&#8243; custom_padding=\u00bb|||\u00bb global_colors_info=\u00bb{}\u00bb custom_padding__hover=\u00bb|||\u00bb][et_pb_text admin_label=\u00bbTitle\u00bb _builder_version=\u00bb4.27.4&#8243; text_font=\u00bbNoto Sans Bengali||||||||\u00bb text_text_color=\u00bb#000000&#8243; text_font_size=\u00bb16px\u00bb text_line_height=\u00bb1.8em\u00bb header_font=\u00bbSarala||||||||\u00bb header_2_font=\u00bbAnonymous Pro|700|||||||\u00bb header_2_text_color=\u00bb#000000&#8243; header_2_font_size=\u00bb40px\u00bb header_2_line_height=\u00bb1.4em\u00bb text_orientation=\u00bbcenter\u00bb width=\u00bb90%\u00bb max_width=\u00bb90%\u00bb module_alignment=\u00bbcenter\u00bb custom_margin=\u00bb||45px|||\u00bb global_colors_info=\u00bb{}\u00bb]<\/p>\n<h2 style=\"text-align: center;\"><span style=\"font-size: xx-large;\">GESTI\u00d3N<\/span><\/h2>\n<p><span style=\"font-weight: 400;\">La acci\u00f3n del core loop son todas las gestiones que <a href=\"https:\/\/alivethanksforasking.alexverdia.com\/\/index.php\/zenacharacter\/\">Zena<\/a> debe realizar:<\/span><\/p>\n<p>&nbsp;<\/p>\n<ul><\/ul>\n<p>[\/et_pb_text][et_pb_text admin_label=\u00bbTitle\u00bb _builder_version=\u00bb4.27.4&#8243; text_font=\u00bbNoto Sans Bengali||||||||\u00bb text_text_color=\u00bb#000000&#8243; text_font_size=\u00bb16px\u00bb text_line_height=\u00bb1.8em\u00bb header_font=\u00bbSarala||||||||\u00bb header_2_font=\u00bbAnonymous Pro|700|||||||\u00bb header_2_text_color=\u00bb#000000&#8243; header_2_font_size=\u00bb40px\u00bb header_2_line_height=\u00bb1.4em\u00bb text_orientation=\u00bbcenter\u00bb width=\u00bb90%\u00bb max_width=\u00bb90%\u00bb module_alignment=\u00bbcenter\u00bb min_height=\u00bb227.6px\u00bb custom_margin=\u00bb||23px|||\u00bb global_colors_info=\u00bb{}\u00bb]<\/p>\n<h2 style=\"text-align: center;\"><span style=\"font-size: xx-large;\">RESPUESTA DEL SISTEMA<\/span><\/h2>\n<p><span style=\"font-weight: 400;\">Las diferentes secciones responden a las gestiones de <a href=\"https:\/\/alivethanksforasking.alexverdia.com\/\/index.php\/zenacharacter\/\">Zena<\/a> con un aumento en el par\u00e1metro correspondiente: ox\u00edgeno en sangre si son sistema respiratorio o card\u00edaco y energ\u00eda si es sistema digestivo.<\/span><\/p>\n<p>[\/et_pb_text][et_pb_text admin_label=\u00bbTitle\u00bb _builder_version=\u00bb4.27.4&#8243; text_font=\u00bbNoto Sans Bengali||||||||\u00bb text_text_color=\u00bb#000000&#8243; text_font_size=\u00bb16px\u00bb text_line_height=\u00bb1.8em\u00bb header_font=\u00bbSarala||||||||\u00bb header_2_font=\u00bbAnonymous Pro|700|||||||\u00bb header_2_text_color=\u00bb#000000&#8243; header_2_font_size=\u00bb40px\u00bb header_2_line_height=\u00bb1.4em\u00bb text_orientation=\u00bbcenter\u00bb width=\u00bb90%\u00bb max_width=\u00bb90%\u00bb module_alignment=\u00bbcenter\u00bb global_colors_info=\u00bb{}\u00bb]<\/p>\n<h2 style=\"text-align: center;\"><span style=\"font-size: xx-large;\">AVANCE DE LA CRIATURA<\/span><\/h2>\n<p><span style=\"font-weight: 400;\">Si La Criatura tiene los valores ajustados, podr\u00e1 avanzar a buen ritmo.<\/span><\/p>\n<p>&nbsp;<\/p>\n<ul>\n<ul><\/ul>\n<\/ul>\n<p>[\/et_pb_text][\/et_pb_column][\/et_pb_row][et_pb_row admin_label=\u00bbTitle Row\u00bb _builder_version=\u00bb4.27.4&#8243; background_color=\u00bb#dad69e\u00bb width=\u00bb90%\u00bb max_width=\u00bb90%\u00bb custom_margin=\u00bb-1px|auto||auto|false|false\u00bb custom_padding=\u00bb28px|||||\u00bb global_colors_info=\u00bb{}\u00bb][et_pb_column type=\u00bb4_4&#8243; _builder_version=\u00bb4.16&#8243; custom_padding=\u00bb|||\u00bb global_colors_info=\u00bb{}\u00bb custom_padding__hover=\u00bb|||\u00bb][et_pb_text admin_label=\u00bbTitle\u00bb _builder_version=\u00bb4.27.4&#8243; text_font=\u00bbNoto Sans Bengali||||||||\u00bb text_text_color=\u00bb#000000&#8243; text_font_size=\u00bb16px\u00bb text_line_height=\u00bb1.8em\u00bb header_font=\u00bbSarala||||||||\u00bb header_2_font=\u00bbAnonymous Pro|700|||||||\u00bb header_2_text_color=\u00bb#000000&#8243; header_2_font_size=\u00bb40px\u00bb header_2_line_height=\u00bb1.4em\u00bb text_orientation=\u00bbcenter\u00bb width=\u00bb90%\u00bb max_width=\u00bb90%\u00bb module_alignment=\u00bbcenter\u00bb global_colors_info=\u00bb{}\u00bb]<\/p>\n<h2 style=\"text-align: center;\"><span style=\"color: #000000;\">COMPULSION LOOP<\/span><\/h2>\n<p><span style=\"font-weight: 400;\">Hay que destacar que el modo arcade no solo permite una mejor muestra del funcionamiento de las <a href=\"https:\/\/alivethanksforasking.alexverdia.com\/\/index.php\/mecanicas\/\">mec\u00e1nicas<\/a>, si no una creaci\u00f3n de un compulsion loop debido a su rejugabilidad infinita.<br \/>En general el <span style=\"text-decoration: underline;\"><strong>esquema de gesti\u00f3n<\/strong><\/span> del juego proporciona una jugabilidad cambiante e intensa, lo que favorece tambi\u00e9n a generar la dopamina necesaria para seguir jugando hasta superar tu r\u00e9cord anterior.<\/span><\/p>\n<ul><\/ul>\n<p>[\/et_pb_text][et_pb_image src=\u00bbhttps:\/\/alivethanksforasking.alexverdia.com\/\/wp-content\/uploads\/2025\/01\/VCA_TenPager_v03-2.png\u00bb align=\u00bbcenter\u00bb _builder_version=\u00bb4.27.4&#8243; _module_preset=\u00bbdefault\u00bb global_colors_info=\u00bb{}\u00bb][\/et_pb_image][et_pb_text admin_label=\u00bbTitle\u00bb _builder_version=\u00bb4.27.4&#8243; text_font=\u00bbNoto Sans Bengali||||||||\u00bb text_text_color=\u00bb#000000&#8243; text_font_size=\u00bb16px\u00bb text_line_height=\u00bb1.8em\u00bb header_font=\u00bbSarala||||||||\u00bb header_2_font=\u00bbAnonymous Pro|700|||||||\u00bb header_2_text_color=\u00bb#000000&#8243; header_2_font_size=\u00bb40px\u00bb header_2_line_height=\u00bb1.4em\u00bb header_3_font=\u00bbAnonymous Pro||||||||\u00bb text_orientation=\u00bbcenter\u00bb width=\u00bb90%\u00bb max_width=\u00bb90%\u00bb module_alignment=\u00bbcenter\u00bb global_colors_info=\u00bb{}\u00bb]<\/p>\n<h3 style=\"text-align: center;\"><span style=\"color: #000000;\">ASPIRANDO A LA CAPA SUPER FAN DE LOVELL<\/span><\/h3>\n<p><span style=\"font-weight: 400;\">Su funcionamiento sencillo hace que el jugador comprenda el loop b\u00e1sico y quede en la capa base. La retenci\u00f3n del jugador est\u00e1 garantizada mediante a generar estrategias no muy complejas en poco tiempo. Por \u00faltimo, la evoluci\u00f3n dram\u00e1tica de la historia lo lleva a la capa super fan.<\/span><\/p>\n<ul><\/ul>\n<p>[\/et_pb_text][\/et_pb_column][\/et_pb_row][\/et_pb_section]<\/p>\n","protected":false},"excerpt":{"rendered":"<p>CORE LOOP Se trata de un core loop estrat\u00e9gico, lo que implica que en ambos modos de juego, prima la estrategia del jugador frente a la linealidad de la historia. Se trata de un loop en el que priman los objetivos para generar recursos para avanzar, lo que genera que el jugador se mueva por [&hellip;]<\/p>\n","protected":false},"author":1,"featured_media":0,"parent":0,"menu_order":0,"comment_status":"closed","ping_status":"closed","template":"","meta":{"_et_pb_use_builder":"on","_et_pb_old_content":"","_et_gb_content_width":"","footnotes":""},"class_list":["post-205653","page","type-page","status-publish","hentry"],"yoast_head":"<!-- This site is optimized with the Yoast SEO Premium plugin v26.1 (Yoast SEO v26.1.1) - https:\/\/yoast.com\/wordpress\/plugins\/seo\/ -->\n<title>CoreLoop - SapoconchoSP<\/title>\n<meta name=\"robots\" content=\"index, follow, max-snippet:-1, max-image-preview:large, max-video-preview:-1\" \/>\n<link rel=\"canonical\" href=\"https:\/\/alivethanksforasking.alexverdia.com\/index.php\/coreloop\/\" \/>\n<meta property=\"og:locale\" content=\"es_ES\" \/>\n<meta property=\"og:type\" content=\"article\" \/>\n<meta property=\"og:title\" content=\"CoreLoop\" \/>\n<meta property=\"og:description\" content=\"CORE LOOP Se trata de un core loop estrat\u00e9gico, lo que implica que en ambos modos de juego, prima la estrategia del jugador frente a la linealidad de la historia. Se trata de un loop en el que priman los objetivos para generar recursos para avanzar, lo que genera que el jugador se mueva por [&hellip;]\" \/>\n<meta property=\"og:url\" content=\"https:\/\/alivethanksforasking.alexverdia.com\/index.php\/coreloop\/\" \/>\n<meta property=\"og:site_name\" content=\"SapoconchoSP\" \/>\n<meta property=\"article:modified_time\" content=\"2025-01-15T19:14:39+00:00\" \/>\n<meta name=\"twitter:card\" content=\"summary_large_image\" \/>\n<meta name=\"twitter:label1\" content=\"Tiempo de lectura\" \/>\n\t<meta name=\"twitter:data1\" content=\"4 minutos\" \/>\n<script type=\"application\/ld+json\" class=\"yoast-schema-graph\">{\"@context\":\"https:\/\/schema.org\",\"@graph\":[{\"@type\":\"WebPage\",\"@id\":\"https:\/\/alivethanksforasking.alexverdia.com\/index.php\/coreloop\/\",\"url\":\"https:\/\/alivethanksforasking.alexverdia.com\/index.php\/coreloop\/\",\"name\":\"CoreLoop - SapoconchoSP\",\"isPartOf\":{\"@id\":\"https:\/\/alivethanksforasking.alexverdia.com\/#website\"},\"datePublished\":\"2025-01-14T20:49:45+00:00\",\"dateModified\":\"2025-01-15T19:14:39+00:00\",\"breadcrumb\":{\"@id\":\"https:\/\/alivethanksforasking.alexverdia.com\/index.php\/coreloop\/#breadcrumb\"},\"inLanguage\":\"es\",\"potentialAction\":[{\"@type\":\"ReadAction\",\"target\":[\"https:\/\/alivethanksforasking.alexverdia.com\/index.php\/coreloop\/\"]}]},{\"@type\":\"BreadcrumbList\",\"@id\":\"https:\/\/alivethanksforasking.alexverdia.com\/index.php\/coreloop\/#breadcrumb\",\"itemListElement\":[{\"@type\":\"ListItem\",\"position\":1,\"name\":\"Home\",\"item\":\"https:\/\/alivethanksforasking.alexverdia.com\/\"},{\"@type\":\"ListItem\",\"position\":2,\"name\":\"CoreLoop\"}]},{\"@type\":\"WebSite\",\"@id\":\"https:\/\/alivethanksforasking.alexverdia.com\/#website\",\"url\":\"https:\/\/alivethanksforasking.alexverdia.com\/\",\"name\":\"SapoconchoSP\",\"description\":\"Sapoconcho SP\",\"potentialAction\":[{\"@type\":\"SearchAction\",\"target\":{\"@type\":\"EntryPoint\",\"urlTemplate\":\"https:\/\/alivethanksforasking.alexverdia.com\/?s={search_term_string}\"},\"query-input\":{\"@type\":\"PropertyValueSpecification\",\"valueRequired\":true,\"valueName\":\"search_term_string\"}}],\"inLanguage\":\"es\"}]}<\/script>\n<!-- \/ Yoast SEO Premium plugin. -->","yoast_head_json":{"title":"CoreLoop - SapoconchoSP","robots":{"index":"index","follow":"follow","max-snippet":"max-snippet:-1","max-image-preview":"max-image-preview:large","max-video-preview":"max-video-preview:-1"},"canonical":"https:\/\/alivethanksforasking.alexverdia.com\/index.php\/coreloop\/","og_locale":"es_ES","og_type":"article","og_title":"CoreLoop","og_description":"CORE LOOP Se trata de un core loop estrat\u00e9gico, lo que implica que en ambos modos de juego, prima la estrategia del jugador frente a la linealidad de la historia. Se trata de un loop en el que priman los objetivos para generar recursos para avanzar, lo que genera que el jugador se mueva por [&hellip;]","og_url":"https:\/\/alivethanksforasking.alexverdia.com\/index.php\/coreloop\/","og_site_name":"SapoconchoSP","article_modified_time":"2025-01-15T19:14:39+00:00","twitter_card":"summary_large_image","twitter_misc":{"Tiempo de lectura":"4 minutos"},"schema":{"@context":"https:\/\/schema.org","@graph":[{"@type":"WebPage","@id":"https:\/\/alivethanksforasking.alexverdia.com\/index.php\/coreloop\/","url":"https:\/\/alivethanksforasking.alexverdia.com\/index.php\/coreloop\/","name":"CoreLoop - SapoconchoSP","isPartOf":{"@id":"https:\/\/alivethanksforasking.alexverdia.com\/#website"},"datePublished":"2025-01-14T20:49:45+00:00","dateModified":"2025-01-15T19:14:39+00:00","breadcrumb":{"@id":"https:\/\/alivethanksforasking.alexverdia.com\/index.php\/coreloop\/#breadcrumb"},"inLanguage":"es","potentialAction":[{"@type":"ReadAction","target":["https:\/\/alivethanksforasking.alexverdia.com\/index.php\/coreloop\/"]}]},{"@type":"BreadcrumbList","@id":"https:\/\/alivethanksforasking.alexverdia.com\/index.php\/coreloop\/#breadcrumb","itemListElement":[{"@type":"ListItem","position":1,"name":"Home","item":"https:\/\/alivethanksforasking.alexverdia.com\/"},{"@type":"ListItem","position":2,"name":"CoreLoop"}]},{"@type":"WebSite","@id":"https:\/\/alivethanksforasking.alexverdia.com\/#website","url":"https:\/\/alivethanksforasking.alexverdia.com\/","name":"SapoconchoSP","description":"Sapoconcho SP","potentialAction":[{"@type":"SearchAction","target":{"@type":"EntryPoint","urlTemplate":"https:\/\/alivethanksforasking.alexverdia.com\/?s={search_term_string}"},"query-input":{"@type":"PropertyValueSpecification","valueRequired":true,"valueName":"search_term_string"}}],"inLanguage":"es"}]}},"_links":{"self":[{"href":"https:\/\/alivethanksforasking.alexverdia.com\/index.php\/wp-json\/wp\/v2\/pages\/205653","targetHints":{"allow":["GET"]}}],"collection":[{"href":"https:\/\/alivethanksforasking.alexverdia.com\/index.php\/wp-json\/wp\/v2\/pages"}],"about":[{"href":"https:\/\/alivethanksforasking.alexverdia.com\/index.php\/wp-json\/wp\/v2\/types\/page"}],"author":[{"embeddable":true,"href":"https:\/\/alivethanksforasking.alexverdia.com\/index.php\/wp-json\/wp\/v2\/users\/1"}],"replies":[{"embeddable":true,"href":"https:\/\/alivethanksforasking.alexverdia.com\/index.php\/wp-json\/wp\/v2\/comments?post=205653"}],"version-history":[{"count":12,"href":"https:\/\/alivethanksforasking.alexverdia.com\/index.php\/wp-json\/wp\/v2\/pages\/205653\/revisions"}],"predecessor-version":[{"id":205872,"href":"https:\/\/alivethanksforasking.alexverdia.com\/index.php\/wp-json\/wp\/v2\/pages\/205653\/revisions\/205872"}],"wp:attachment":[{"href":"https:\/\/alivethanksforasking.alexverdia.com\/index.php\/wp-json\/wp\/v2\/media?parent=205653"}],"curies":[{"name":"wp","href":"https:\/\/api.w.org\/{rel}","templated":true}]}}