{"id":205630,"date":"2025-01-14T20:37:33","date_gmt":"2025-01-14T20:37:33","guid":{"rendered":"https:\/\/sapoconchosp.alexverdia.es\/?page_id=205630"},"modified":"2025-01-15T19:17:06","modified_gmt":"2025-01-15T19:17:06","slug":"gameplay","status":"publish","type":"page","link":"https:\/\/alivethanksforasking.alexverdia.com\/index.php\/gameplay\/","title":{"rendered":"Modosyobjetivos"},"content":{"rendered":"<p>[et_pb_section fb_built=\u00bb1&#8243; admin_label=\u00bbOur Services\u00bb _builder_version=\u00bb4.27.4&#8243; background_enable_color=\u00bboff\u00bb custom_padding=\u00bb50px|0px|100px|0px||\u00bb saved_tabs=\u00bball\u00bb global_colors_info=\u00bb{}\u00bb][et_pb_row admin_label=\u00bbTitle Row\u00bb _builder_version=\u00bb4.27.4&#8243; background_color=\u00bb#ac724b\u00bb width=\u00bb90%\u00bb max_width=\u00bb90%\u00bb custom_margin=\u00bb-1px|auto||auto|false|false\u00bb global_colors_info=\u00bb{}\u00bb][et_pb_column type=\u00bb4_4&#8243; _builder_version=\u00bb4.16&#8243; custom_padding=\u00bb|||\u00bb global_colors_info=\u00bb{}\u00bb custom_padding__hover=\u00bb|||\u00bb][et_pb_text admin_label=\u00bbTitle\u00bb _builder_version=\u00bb4.27.4&#8243; text_font=\u00bbNoto Sans Bengali||||||||\u00bb text_text_color=\u00bb#000000&#8243; text_font_size=\u00bb16px\u00bb text_line_height=\u00bb1.8em\u00bb header_font=\u00bbSarala||||||||\u00bb header_2_font=\u00bbAnonymous Pro|700|||||||\u00bb header_2_text_color=\u00bb#000000&#8243; header_2_font_size=\u00bb40px\u00bb header_2_line_height=\u00bb1.4em\u00bb text_orientation=\u00bbcenter\u00bb width=\u00bb90%\u00bb max_width=\u00bb90%\u00bb module_alignment=\u00bbcenter\u00bb global_colors_info=\u00bb{}\u00bb]<\/p>\n<h2 style=\"text-align: center;\"><span style=\"color: #ffffff;\">MODOS DE JUEGO<\/span><\/h2>\n<p><span style=\"font-weight: 400; color: #ffffff;\">Teniendo en mente lo reducida que es la historia del juego al ser un trayecto se han planteado diversas formas de hacer este juego m\u00e1s disfrutable a largo plazo. Al ser una experiencia individual, se opt\u00f3 por dividir la experiencia entre historia lineal y un modo infinito.<\/span><\/p>\n<ul>\n<ul>\n<ul><\/ul>\n<\/ul>\n<\/ul>\n<p>[\/et_pb_text][\/et_pb_column][\/et_pb_row][et_pb_row column_structure=\u00bb1_2,1_2&#8243; admin_label=\u00bbServices\u00bb _builder_version=\u00bb4.16&#8243; custom_padding=\u00bb30px|||||\u00bb global_colors_info=\u00bb{}\u00bb][et_pb_column type=\u00bb1_2&#8243; _builder_version=\u00bb4.16&#8243; custom_padding=\u00bb|||\u00bb global_colors_info=\u00bb{}\u00bb custom_padding__hover=\u00bb|||\u00bb][et_pb_text admin_label=\u00bbTitle\u00bb _builder_version=\u00bb4.27.4&#8243; text_font=\u00bbNoto Sans Bengali||||||||\u00bb text_text_color=\u00bb#000000&#8243; text_font_size=\u00bb16px\u00bb text_line_height=\u00bb1.8em\u00bb header_font=\u00bbSarala||||||||\u00bb header_2_font=\u00bbAnonymous Pro|700|||||||\u00bb header_2_text_color=\u00bb#000000&#8243; header_2_font_size=\u00bb40px\u00bb header_2_line_height=\u00bb1.4em\u00bb text_orientation=\u00bbcenter\u00bb width=\u00bb90%\u00bb max_width=\u00bb90%\u00bb module_alignment=\u00bbcenter\u00bb global_colors_info=\u00bb{}\u00bb]<\/p>\n<h2 style=\"text-align: center;\"><span style=\"font-size: xx-large;\">MODOS HISTORIA<\/span><\/h2>\n<p><span style=\"font-weight: 400;\">Es la versi\u00f3n lineal del juego, la cual te aporta m\u00e1s informaci\u00f3n y pausa durante el gameplay. El jugador tendr\u00e1 m\u00e1s ayuda al introducirse en las <a href=\"https:\/\/alivethanksforasking.alexverdia.com\/\/index.php\/mecanicas\/\">mec\u00e1nicas<\/a> ya que la curva de progresi\u00f3n es m\u00e1s lenta al principio. Tambi\u00e9n el conocimiento sobre el medio y la situaci\u00f3n en la que se encuentran los personajes ser\u00e1 mucho mayor, reduciendo el riesgo a tomar decisiones que cuesten la partida.<\/span><\/p>\n<p><span style=\"font-weight: 400;\">Los di\u00e1logos tendr\u00e1n una progresi\u00f3n sobre la historia y marcar\u00e1n los puntos de inflexi\u00f3n sobre el avance del jugador.<\/span><\/p>\n<ul>\n<ul><\/ul>\n<\/ul>\n<p>[\/et_pb_text][\/et_pb_column][et_pb_column type=\u00bb1_2&#8243; _builder_version=\u00bb4.16&#8243; custom_padding=\u00bb|||\u00bb global_colors_info=\u00bb{}\u00bb custom_padding__hover=\u00bb|||\u00bb][et_pb_text admin_label=\u00bbTitle\u00bb _builder_version=\u00bb4.27.4&#8243; text_font=\u00bbNoto Sans Bengali||||||||\u00bb text_text_color=\u00bb#000000&#8243; text_font_size=\u00bb16px\u00bb text_line_height=\u00bb1.8em\u00bb header_font=\u00bbSarala||||||||\u00bb header_2_font=\u00bbAnonymous Pro|700|||||||\u00bb header_2_text_color=\u00bb#000000&#8243; header_2_font_size=\u00bb40px\u00bb header_2_line_height=\u00bb1.4em\u00bb text_orientation=\u00bbcenter\u00bb width=\u00bb90%\u00bb max_width=\u00bb90%\u00bb module_alignment=\u00bbcenter\u00bb global_colors_info=\u00bb{}\u00bb]<\/p>\n<h2 style=\"text-align: center;\"><span style=\"font-size: xx-large;\">MODOS ARCADE<\/span><\/h2>\n<p><span style=\"font-weight: 400;\">Se trata de un modo infinito que act\u00faa como forma de a\u00f1adir dificultad una vez disfrutado el juego base y\/o como forma de disfrutar y practicar sus <a href=\"https:\/\/alivethanksforasking.alexverdia.com\/\/index.php\/mecanicas\/\">mec\u00e1nicas<\/a> sin depender de un final de trayecto.<\/span><\/p>\n<p><span style=\"font-weight: 400;\">Aqu\u00ed los di\u00e1logos son meramente indicativos de si tu acci\u00f3n es correcta o no, no a\u00f1aden ning\u00fan peso a la trama, ya que se trata a este modo como \u201cel viaje constante de La Criatura\u00bb.<\/span><\/p>\n<p>&nbsp;<\/p>\n<ul>\n<ul><\/ul>\n<\/ul>\n<p>[\/et_pb_text][\/et_pb_column][\/et_pb_row][et_pb_row admin_label=\u00bbTitle Row\u00bb _builder_version=\u00bb4.27.4&#8243; background_color=\u00bb#ac724b\u00bb width=\u00bb90%\u00bb max_width=\u00bb90%\u00bb custom_margin=\u00bb-1px|auto||auto|false|false\u00bb global_colors_info=\u00bb{}\u00bb][et_pb_column type=\u00bb4_4&#8243; _builder_version=\u00bb4.16&#8243; custom_padding=\u00bb|||\u00bb global_colors_info=\u00bb{}\u00bb custom_padding__hover=\u00bb|||\u00bb][et_pb_text admin_label=\u00bbTitle\u00bb _builder_version=\u00bb4.27.4&#8243; text_font=\u00bbNoto Sans Bengali||||||||\u00bb text_text_color=\u00bb#000000&#8243; text_font_size=\u00bb16px\u00bb text_line_height=\u00bb1.8em\u00bb header_font=\u00bbSarala||||||||\u00bb header_2_font=\u00bbAnonymous Pro|700|||||||\u00bb header_2_text_color=\u00bb#000000&#8243; header_2_font_size=\u00bb40px\u00bb header_2_line_height=\u00bb1.4em\u00bb text_orientation=\u00bbcenter\u00bb width=\u00bb90%\u00bb max_width=\u00bb90%\u00bb module_alignment=\u00bbcenter\u00bb global_colors_info=\u00bb{}\u00bb]<\/p>\n<h2 style=\"text-align: center;\"><span style=\"color: #ffffff;\">OBJETIVOS<\/span><\/h2>\n<p><span style=\"font-weight: 400; color: #ffffff;\">Los objetivos que debe seguir el jugador en Alive, Thanks for Asking se dividen teniendo en cuenta el modo de juego:<\/span><\/p>\n<ul>\n<ul><\/ul>\n<\/ul>\n<p>[\/et_pb_text][\/et_pb_column][\/et_pb_row][et_pb_row column_structure=\u00bb1_2,1_2&#8243; admin_label=\u00bbServices\u00bb _builder_version=\u00bb4.16&#8243; custom_padding=\u00bb30px|||||\u00bb global_colors_info=\u00bb{}\u00bb][et_pb_column type=\u00bb1_2&#8243; _builder_version=\u00bb4.16&#8243; custom_padding=\u00bb|||\u00bb global_colors_info=\u00bb{}\u00bb custom_padding__hover=\u00bb|||\u00bb][et_pb_blurb title=\u00bbMODO HISTORIA\u00bb admin_label=\u00bbService\u00bb _builder_version=\u00bb4.27.4&#8243; header_font=\u00bbAnonymous Pro|600|||||||\u00bb header_text_align=\u00bbcenter\u00bb header_text_color=\u00bb#000000&#8243; header_font_size=\u00bb20px\u00bb header_line_height=\u00bb1.7em\u00bb body_font=\u00bbNoto Sans Bengali||||||||\u00bb body_text_align=\u00bbcenter\u00bb body_text_color=\u00bbrgba(28,28,28,0.7)\u00bb body_font_size=\u00bb16px\u00bb body_line_height=\u00bb1.8em\u00bb background_enable_color=\u00bboff\u00bb background_layout=\u00bbdark\u00bb custom_padding=\u00bb60px|30px|60px|40px\u00bb animation_style=\u00bbslide\u00bb animation_direction=\u00bbbottom\u00bb animation_delay=\u00bb100ms\u00bb animation_intensity_slide=\u00bb10%\u00bb animation=\u00bboff\u00bb border_radii=\u00bbon|5px|5px|5px|5px\u00bb border_width_all=\u00bb8px\u00bb border_color_all=\u00bb#4a5338&#8243; locked=\u00bboff\u00bb global_colors_info=\u00bb{}\u00bb]<\/p>\n<p><span style=\"font-weight: 400;\">El objetivo principal del jugador para completar la historia es <\/span><b>que La Criatura llegue sana y salva hacia su destino<\/b><span style=\"font-weight: 400;\"> sin complicaciones. El organismo debe nadar hasta aguas m\u00e1s c\u00e1lidas donde pueda sobrevivir.<\/span><\/p>\n<p><span style=\"font-weight: 400;\">Para poder cumplir este objetivo mayor el usuario debe hacer frente a una serie de inconvenientes que resolver. Estos se vuelven sus objetivos a corto plazo y se centran en la toma de decisiones y el buen juicio del jugador.\u00a0<\/span><\/p>\n<p>[\/et_pb_blurb][et_pb_accordion _builder_version=\u00bb4.27.4&#8243; _module_preset=\u00bbdefault\u00bb global_colors_info=\u00bb{}\u00bb][et_pb_accordion_item title=\u00bbCONTROL DE ANSIEDAD\u00bb open=\u00bbon\u00bb open_toggle_text_color=\u00bb#FFFFFF\u00bb open_toggle_background_color=\u00bb#4a5338&#8243; closed_toggle_text_color=\u00bb#FFFFFF\u00bb closed_toggle_background_color=\u00bb#4a5338&#8243; _builder_version=\u00bb4.27.4&#8243; _module_preset=\u00bbdefault\u00bb body_text_color=\u00bb#FFFFFF\u00bb global_colors_info=\u00bb{}\u00bb toggle_font=\u00bbAnonymous Pro|700|||||||\u00bb closed_toggle_font=\u00bbAnonymous Pro|700|||||||\u00bb]<\/p>\n<p><span style=\"font-weight: 400;\"><a href=\"https:\/\/alivethanksforasking.alexverdia.com\/\/index.php\/zenacharacter\/\">Zena<\/a> tiene que mantener sus niveles de ansiedad bajos para tener opciones de di\u00e1logo m\u00e1s extensas. Para ello debe beber tila y acertar con sus decisiones de gesti\u00f3n.<\/span><\/p>\n<p>[\/et_pb_accordion_item][et_pb_accordion_item title=\u00bbMANTENER EL OX\u00cdGENO EN SANGRE ALTO\u00bb open_toggle_text_color=\u00bb#FFFFFF\u00bb open_toggle_background_color=\u00bb#4a5338&#8243; closed_toggle_text_color=\u00bb#FFFFFF\u00bb closed_toggle_background_color=\u00bb#4a5338&#8243; _builder_version=\u00bb4.27.4&#8243; _module_preset=\u00bbdefault\u00bb body_text_color=\u00bb#FFFFFF\u00bb global_colors_info=\u00bb{}\u00bb toggle_font=\u00bbAnonymous Pro|700|||||||\u00bb closed_toggle_font=\u00bbAnonymous Pro|700|||||||\u00bb open=\u00bboff\u00bb]<\/p>\n<p><span style=\"font-weight: 400;\">Para ello deber\u00e1 mantener a buen ritmo tanto el sistema card\u00edaco como el respiratorio, gestionando sus problemas y envi\u00e1ndoles impulsos nerviosos.<\/span><\/p>\n<p>[\/et_pb_accordion_item][et_pb_accordion_item title=\u00bbMANTENER EL NIVEL DE ENERG\u00cdA ALTO\u00bb open_toggle_text_color=\u00bb#FFFFFF\u00bb open_toggle_background_color=\u00bb#4a5338&#8243; closed_toggle_text_color=\u00bb#FFFFFF\u00bb closed_toggle_background_color=\u00bb#4a5338&#8243; _builder_version=\u00bb4.27.4&#8243; _module_preset=\u00bbdefault\u00bb body_text_color=\u00bb#FFFFFF\u00bb global_colors_info=\u00bb{}\u00bb toggle_font=\u00bbAnonymous Pro|700|||||||\u00bb closed_toggle_font=\u00bbAnonymous Pro|700|||||||\u00bb open=\u00bboff\u00bb]<\/p>\n<p><span style=\"font-weight: 400;\">Gestionando el buen estado del sistema digestivo y obteniendo la mayor cantidad de recursos alimenticios posibles dirigiendo a La Criatura a por algas.<\/span><\/p>\n<p>[\/et_pb_accordion_item][et_pb_accordion_item title=\u00bbCONTROLAR LA RUTA DE LA CRIATURA\u00bb open_toggle_text_color=\u00bb#FFFFFF\u00bb open_toggle_background_color=\u00bb#4a5338&#8243; closed_toggle_text_color=\u00bb#FFFFFF\u00bb closed_toggle_background_color=\u00bb#4a5338&#8243; _builder_version=\u00bb4.27.4&#8243; _module_preset=\u00bbdefault\u00bb body_text_color=\u00bb#FFFFFF\u00bb global_colors_info=\u00bb{}\u00bb toggle_font=\u00bbAnonymous Pro|700|||||||\u00bb closed_toggle_font=\u00bbAnonymous Pro|700|||||||\u00bb open=\u00bboff\u00bb]<\/p>\n<p><span style=\"font-weight: 400;\">Esto implica tanto no desviarse de la ruta marcada en el mapa, excepto para evitar posibles amenazas u obst\u00e1culos. Tambi\u00e9n se podr\u00e1 desplazar ligeramente fuera de la ruta indicada para obtener algas que est\u00e9n cerca.\u00a0<\/span><\/p>\n<p>[\/et_pb_accordion_item][\/et_pb_accordion][\/et_pb_column][et_pb_column type=\u00bb1_2&#8243; _builder_version=\u00bb4.16&#8243; custom_padding=\u00bb|||\u00bb global_colors_info=\u00bb{}\u00bb custom_padding__hover=\u00bb|||\u00bb][et_pb_blurb title=\u00bbMODO ARCADE\u00bb admin_label=\u00bbService\u00bb _builder_version=\u00bb4.27.4&#8243; header_font=\u00bbAnonymous Pro|600|||||||\u00bb header_text_align=\u00bbcenter\u00bb header_text_color=\u00bb#000000&#8243; header_font_size=\u00bb20px\u00bb header_line_height=\u00bb1.7em\u00bb body_font=\u00bbNoto Sans Bengali||||||||\u00bb body_text_align=\u00bbcenter\u00bb body_text_color=\u00bbrgba(28,28,28,0.7)\u00bb body_font_size=\u00bb16px\u00bb body_line_height=\u00bb1.8em\u00bb background_enable_color=\u00bboff\u00bb background_layout=\u00bbdark\u00bb custom_padding=\u00bb60px|30px|60px|40px\u00bb animation_style=\u00bbslide\u00bb animation_direction=\u00bbbottom\u00bb animation_delay=\u00bb100ms\u00bb animation_intensity_slide=\u00bb10%\u00bb animation=\u00bboff\u00bb border_radii=\u00bbon|5px|5px|5px|5px\u00bb border_width_all=\u00bb8px\u00bb border_color_all=\u00bb#6b3331&#8243; locked=\u00bboff\u00bb global_colors_info=\u00bb{}\u00bb]<\/p>\n<p><span style=\"font-weight: 400;\">En este caso el objetivo es <\/span><b>aguantar la mayor cantidad de rondas<\/b><span style=\"font-weight: 400;\"> posibles para posicionar en la tabla de records. Para ello los subobjetivos principales ser\u00e1n:<\/span><\/p>\n<p><span style=\"font-weight: 400;\"><\/span><\/p>\n<p>[\/et_pb_blurb][et_pb_accordion _builder_version=\u00bb4.27.4&#8243; _module_preset=\u00bbdefault\u00bb global_colors_info=\u00bb{}\u00bb][et_pb_accordion_item title=\u00bbRECORER LA MAYOR CANTIDAD DE KM\u00bb open=\u00bbon\u00bb open_toggle_text_color=\u00bb#FFFFFF\u00bb open_toggle_background_color=\u00bb#6b3331&#8243; closed_toggle_text_color=\u00bb#FFFFFF\u00bb closed_toggle_background_color=\u00bb#6b3331&#8243; _builder_version=\u00bb4.27.4&#8243; _module_preset=\u00bbdefault\u00bb body_text_color=\u00bb#FFFFFF\u00bb global_colors_info=\u00bb{}\u00bb toggle_font=\u00bbAnonymous Pro|700|||||||\u00bb closed_toggle_font=\u00bbAnonymous Pro|700|||||||\u00bb]<\/p>\n<p><span style=\"font-weight: 400;\">Al ser un modo infinito, esta es la estad\u00edstica principal para posicionar en ranking.<\/span><\/p>\n<p>[\/et_pb_accordion_item][et_pb_accordion_item title=\u00bbCOMER LAS SUFICIENTES ALGAS\u00bb open_toggle_text_color=\u00bb#FFFFFF\u00bb open_toggle_background_color=\u00bb#6b3331&#8243; closed_toggle_text_color=\u00bb#FFFFFF\u00bb closed_toggle_background_color=\u00bb#6b3331&#8243; _builder_version=\u00bb4.27.4&#8243; _module_preset=\u00bbdefault\u00bb body_text_color=\u00bb#FFFFFF\u00bb global_colors_info=\u00bb{}\u00bb toggle_font=\u00bbAnonymous Pro|700|||||||\u00bb closed_toggle_font=\u00bbAnonymous Pro|700|||||||\u00bb open=\u00bboff\u00bb]<\/p>\n<p><span style=\"font-weight: 400;\">Esto no solo es necesario para mantener la velocidad si no tambi\u00e9n para sumar a la estad\u00edstica de algas del ranking de posici\u00f3n. El jugador debe conducir a La Criatura hacia las algas para alimentarla en su eterno viaje.<\/span><\/p>\n<p>[\/et_pb_accordion_item][et_pb_accordion_item title=\u00bbGESTIONAR EL ESTR\u00c9S\u00bb open_toggle_text_color=\u00bb#FFFFFF\u00bb open_toggle_background_color=\u00bb#6b3331&#8243; closed_toggle_text_color=\u00bb#FFFFFF\u00bb closed_toggle_background_color=\u00bb#6b3331&#8243; _builder_version=\u00bb4.27.4&#8243; _module_preset=\u00bbdefault\u00bb body_text_color=\u00bb#FFFFFF\u00bb global_colors_info=\u00bb{}\u00bb toggle_font=\u00bbAnonymous Pro|700|||||||\u00bb closed_toggle_font=\u00bbAnonymous Pro|700|||||||\u00bb open=\u00bboff\u00bb]<\/p>\n<p><span style=\"font-weight: 400;\">Modo infinito implica paciencia infinita. La gesti\u00f3n del estr\u00e9s cobra protagonismo en este modo al no tener zonas de pausa y reflexi\u00f3n definidas por la historia. A\u00fan as\u00ed, hay mucho que gestionar y hablar con el resto de responsables de sector para mantener a La Criatura avanzando.<\/span><\/p>\n<p>[\/et_pb_accordion_item][\/et_pb_accordion][\/et_pb_column][\/et_pb_row][\/et_pb_section]<\/p>\n","protected":false},"excerpt":{"rendered":"<p>MODOS DE JUEGO Teniendo en mente lo reducida que es la historia del juego al ser un trayecto se han planteado diversas formas de hacer este juego m\u00e1s disfrutable a largo plazo. Al ser una experiencia individual, se opt\u00f3 por dividir la experiencia entre historia lineal y un modo infinito. MODOS HISTORIA Es la versi\u00f3n [&hellip;]<\/p>\n","protected":false},"author":1,"featured_media":0,"parent":0,"menu_order":0,"comment_status":"closed","ping_status":"closed","template":"","meta":{"_et_pb_use_builder":"on","_et_pb_old_content":"","_et_gb_content_width":"","footnotes":""},"class_list":["post-205630","page","type-page","status-publish","hentry"],"yoast_head":"<!-- This site is optimized with the Yoast SEO Premium plugin v26.1 (Yoast SEO v26.1.1) - https:\/\/yoast.com\/wordpress\/plugins\/seo\/ -->\n<title>Modosyobjetivos - SapoconchoSP<\/title>\n<meta name=\"robots\" content=\"index, follow, max-snippet:-1, max-image-preview:large, max-video-preview:-1\" \/>\n<link rel=\"canonical\" href=\"https:\/\/alivethanksforasking.alexverdia.com\/index.php\/gameplay\/\" \/>\n<meta property=\"og:locale\" content=\"es_ES\" \/>\n<meta property=\"og:type\" content=\"article\" \/>\n<meta property=\"og:title\" content=\"Modosyobjetivos\" \/>\n<meta property=\"og:description\" content=\"MODOS DE JUEGO Teniendo en mente lo reducida que es la historia del juego al ser un trayecto se han planteado diversas formas de hacer este juego m\u00e1s disfrutable a largo plazo. Al ser una experiencia individual, se opt\u00f3 por dividir la experiencia entre historia lineal y un modo infinito. MODOS HISTORIA Es la versi\u00f3n [&hellip;]\" \/>\n<meta property=\"og:url\" content=\"https:\/\/alivethanksforasking.alexverdia.com\/index.php\/gameplay\/\" \/>\n<meta property=\"og:site_name\" content=\"SapoconchoSP\" \/>\n<meta property=\"article:modified_time\" content=\"2025-01-15T19:17:06+00:00\" \/>\n<meta name=\"twitter:card\" content=\"summary_large_image\" \/>\n<meta name=\"twitter:label1\" content=\"Tiempo de lectura\" \/>\n\t<meta name=\"twitter:data1\" content=\"8 minutos\" \/>\n<script type=\"application\/ld+json\" class=\"yoast-schema-graph\">{\"@context\":\"https:\/\/schema.org\",\"@graph\":[{\"@type\":\"WebPage\",\"@id\":\"https:\/\/alivethanksforasking.alexverdia.com\/index.php\/gameplay\/\",\"url\":\"https:\/\/alivethanksforasking.alexverdia.com\/index.php\/gameplay\/\",\"name\":\"Modosyobjetivos - SapoconchoSP\",\"isPartOf\":{\"@id\":\"https:\/\/alivethanksforasking.alexverdia.com\/#website\"},\"datePublished\":\"2025-01-14T20:37:33+00:00\",\"dateModified\":\"2025-01-15T19:17:06+00:00\",\"breadcrumb\":{\"@id\":\"https:\/\/alivethanksforasking.alexverdia.com\/index.php\/gameplay\/#breadcrumb\"},\"inLanguage\":\"es\",\"potentialAction\":[{\"@type\":\"ReadAction\",\"target\":[\"https:\/\/alivethanksforasking.alexverdia.com\/index.php\/gameplay\/\"]}]},{\"@type\":\"BreadcrumbList\",\"@id\":\"https:\/\/alivethanksforasking.alexverdia.com\/index.php\/gameplay\/#breadcrumb\",\"itemListElement\":[{\"@type\":\"ListItem\",\"position\":1,\"name\":\"Home\",\"item\":\"https:\/\/alivethanksforasking.alexverdia.com\/\"},{\"@type\":\"ListItem\",\"position\":2,\"name\":\"Modosyobjetivos\"}]},{\"@type\":\"WebSite\",\"@id\":\"https:\/\/alivethanksforasking.alexverdia.com\/#website\",\"url\":\"https:\/\/alivethanksforasking.alexverdia.com\/\",\"name\":\"SapoconchoSP\",\"description\":\"Sapoconcho SP\",\"potentialAction\":[{\"@type\":\"SearchAction\",\"target\":{\"@type\":\"EntryPoint\",\"urlTemplate\":\"https:\/\/alivethanksforasking.alexverdia.com\/?s={search_term_string}\"},\"query-input\":{\"@type\":\"PropertyValueSpecification\",\"valueRequired\":true,\"valueName\":\"search_term_string\"}}],\"inLanguage\":\"es\"}]}<\/script>\n<!-- \/ Yoast SEO Premium plugin. -->","yoast_head_json":{"title":"Modosyobjetivos - SapoconchoSP","robots":{"index":"index","follow":"follow","max-snippet":"max-snippet:-1","max-image-preview":"max-image-preview:large","max-video-preview":"max-video-preview:-1"},"canonical":"https:\/\/alivethanksforasking.alexverdia.com\/index.php\/gameplay\/","og_locale":"es_ES","og_type":"article","og_title":"Modosyobjetivos","og_description":"MODOS DE JUEGO Teniendo en mente lo reducida que es la historia del juego al ser un trayecto se han planteado diversas formas de hacer este juego m\u00e1s disfrutable a largo plazo. Al ser una experiencia individual, se opt\u00f3 por dividir la experiencia entre historia lineal y un modo infinito. MODOS HISTORIA Es la versi\u00f3n [&hellip;]","og_url":"https:\/\/alivethanksforasking.alexverdia.com\/index.php\/gameplay\/","og_site_name":"SapoconchoSP","article_modified_time":"2025-01-15T19:17:06+00:00","twitter_card":"summary_large_image","twitter_misc":{"Tiempo de lectura":"8 minutos"},"schema":{"@context":"https:\/\/schema.org","@graph":[{"@type":"WebPage","@id":"https:\/\/alivethanksforasking.alexverdia.com\/index.php\/gameplay\/","url":"https:\/\/alivethanksforasking.alexverdia.com\/index.php\/gameplay\/","name":"Modosyobjetivos - SapoconchoSP","isPartOf":{"@id":"https:\/\/alivethanksforasking.alexverdia.com\/#website"},"datePublished":"2025-01-14T20:37:33+00:00","dateModified":"2025-01-15T19:17:06+00:00","breadcrumb":{"@id":"https:\/\/alivethanksforasking.alexverdia.com\/index.php\/gameplay\/#breadcrumb"},"inLanguage":"es","potentialAction":[{"@type":"ReadAction","target":["https:\/\/alivethanksforasking.alexverdia.com\/index.php\/gameplay\/"]}]},{"@type":"BreadcrumbList","@id":"https:\/\/alivethanksforasking.alexverdia.com\/index.php\/gameplay\/#breadcrumb","itemListElement":[{"@type":"ListItem","position":1,"name":"Home","item":"https:\/\/alivethanksforasking.alexverdia.com\/"},{"@type":"ListItem","position":2,"name":"Modosyobjetivos"}]},{"@type":"WebSite","@id":"https:\/\/alivethanksforasking.alexverdia.com\/#website","url":"https:\/\/alivethanksforasking.alexverdia.com\/","name":"SapoconchoSP","description":"Sapoconcho SP","potentialAction":[{"@type":"SearchAction","target":{"@type":"EntryPoint","urlTemplate":"https:\/\/alivethanksforasking.alexverdia.com\/?s={search_term_string}"},"query-input":{"@type":"PropertyValueSpecification","valueRequired":true,"valueName":"search_term_string"}}],"inLanguage":"es"}]}},"_links":{"self":[{"href":"https:\/\/alivethanksforasking.alexverdia.com\/index.php\/wp-json\/wp\/v2\/pages\/205630","targetHints":{"allow":["GET"]}}],"collection":[{"href":"https:\/\/alivethanksforasking.alexverdia.com\/index.php\/wp-json\/wp\/v2\/pages"}],"about":[{"href":"https:\/\/alivethanksforasking.alexverdia.com\/index.php\/wp-json\/wp\/v2\/types\/page"}],"author":[{"embeddable":true,"href":"https:\/\/alivethanksforasking.alexverdia.com\/index.php\/wp-json\/wp\/v2\/users\/1"}],"replies":[{"embeddable":true,"href":"https:\/\/alivethanksforasking.alexverdia.com\/index.php\/wp-json\/wp\/v2\/comments?post=205630"}],"version-history":[{"count":12,"href":"https:\/\/alivethanksforasking.alexverdia.com\/index.php\/wp-json\/wp\/v2\/pages\/205630\/revisions"}],"predecessor-version":[{"id":205876,"href":"https:\/\/alivethanksforasking.alexverdia.com\/index.php\/wp-json\/wp\/v2\/pages\/205630\/revisions\/205876"}],"wp:attachment":[{"href":"https:\/\/alivethanksforasking.alexverdia.com\/index.php\/wp-json\/wp\/v2\/media?parent=205630"}],"curies":[{"name":"wp","href":"https:\/\/api.w.org\/{rel}","templated":true}]}}