{"id":20,"date":"2025-01-14T16:09:13","date_gmt":"2025-01-14T16:09:13","guid":{"rendered":"https:\/\/sapoconchosp.alexverdia.es\/?page_id=20"},"modified":"2025-10-12T19:15:36","modified_gmt":"2025-10-12T19:15:36","slug":"home","status":"publish","type":"page","link":"https:\/\/alivethanksforasking.alexverdia.com\/","title":{"rendered":"Home"},"content":{"rendered":"\n[et_pb_section fb_built=\u00bb1&#8243; custom_padding_last_edited=\u00bbon|phone\u00bb admin_label=\u00bbHero Section\u00bb _builder_version=\u00bb4.27.4&#8243; background_color=\u00bb#472217&#8243; use_background_color_gradient=\u00bbon\u00bb background_color_gradient_stops=\u00bb#361e17 0%|rgba(54,30,23,0.67) 100%\u00bb background_color_gradient_overlays_image=\u00bbon\u00bb background_image=\u00bbhttps:\/\/alivethanksforasking.alexverdia.com\/\/wp-content\/uploads\/2025\/01\/Salamando.png\u00bb parallax=\u00bbon\u00bb background_blend=\u00bbmultiply\u00bb min_height=\u00bb645.8px\u00bb custom_padding=\u00bb60px|0px|60px|0px|false|false\u00bb custom_padding_tablet=\u00bb200px||200px|\u00bb custom_padding_phone=\u00bb140px||140px|\u00bb global_colors_info=\u00bb{}\u00bb][et_pb_row _builder_version=\u00bb4.27.4&#8243; _module_preset=\u00bbdefault\u00bb global_colors_info=\u00bb{}\u00bb][et_pb_column type=\u00bb4_4&#8243; _builder_version=\u00bb4.27.4&#8243; _module_preset=\u00bbdefault\u00bb global_colors_info=\u00bb{}\u00bb][et_pb_image src=\u00bbhttps:\/\/alivethanksforasking.alexverdia.com\/\/wp-content\/uploads\/2025\/01\/Rotulo-1.png\u00bb _builder_version=\u00bb4.27.4&#8243; _module_preset=\u00bbdefault\u00bb global_colors_info=\u00bb{}\u00bb][\/et_pb_image][\/et_pb_column][\/et_pb_row][\/et_pb_section][et_pb_section fb_built=\u00bb1&#8243; admin_label=\u00bbOur Services\u00bb _builder_version=\u00bb4.27.4&#8243; background_color=\u00bb#4a5338&#8243; custom_padding=\u00bb50px|0px|100px|0px||\u00bb hover_enabled=\u00bb0&#8243; saved_tabs=\u00bball\u00bb global_colors_info=\u00bb{}\u00bb sticky_enabled=\u00bb0&#8243;][et_pb_row column_structure=\u00bb1_2,1_2&#8243; _builder_version=\u00bb4.27.4&#8243; _module_preset=\u00bbdefault\u00bb width=\u00bb90%\u00bb module_alignment=\u00bbcenter\u00bb custom_margin=\u00bb0px|1px||1px|false|true\u00bb global_colors_info=\u00bb{}\u00bb][et_pb_column type=\u00bb1_2&#8243; _builder_version=\u00bb4.27.4&#8243; _module_preset=\u00bbdefault\u00bb global_colors_info=\u00bb{}\u00bb][et_pb_text admin_label=\u00bbTitle\u00bb _builder_version=\u00bb4.27.4&#8243; text_font=\u00bbNoto Sans Bengali||||||||\u00bb text_text_color=\u00bb#FFFFFF\u00bb text_font_size=\u00bb16px\u00bb text_line_height=\u00bb1.8em\u00bb header_font=\u00bbSarala|700|||||||\u00bb header_text_color=\u00bb#FFFFFF\u00bb header_2_font=\u00bbAnonymous Pro|700|||||||\u00bb header_2_text_color=\u00bb#FFFFFF\u00bb header_2_font_size=\u00bb40px\u00bb header_2_line_height=\u00bb1.4em\u00bb text_orientation=\u00bbcenter\u00bb max_width=\u00bb601px\u00bb module_alignment=\u00bbcenter\u00bb global_colors_info=\u00bb{}\u00bb]<h2 style=\"text-align: center;\">DESCRIPCI\u00d3N<\/h2>\n<p style=\"text-align: justify;\"><span style=\"font-weight: 400;\">Alive, Thanks for Asking<\/span><span style=\"font-weight: 400;\"> es un videojuego en <strong>2D<\/strong> de <span style=\"text-decoration: underline;\"><strong>Rompecabezas<\/strong><\/span> y <span style=\"text-decoration: underline;\"><strong>Simulaci\u00f3n<\/strong><\/span> dirigido a un p\u00fablico joven adulto de entre <strong>21 y 30 a\u00f1os<\/strong>. <\/span><\/p>\n<p style=\"text-align: justify;\"><span style=\"font-weight: 400;\">El jugador toma el papel de <a href=\"https:\/\/alivethanksforasking.alexverdia.com\/\/index.php\/zenacharacter\/\">Zena<\/a>, la agente responsable del hemisferio cerebral izquierdo, que controla el complejo funcionamiento interno de una criatura.<\/span><\/p>\n<p style=\"text-align: justify;\"><span style=\"font-weight: 400;\"> <\/span><span style=\"font-weight: 400;\"><br \/><\/span><span style=\"font-weight: 400;\">El objetivo del jugador es lograr que esta criatura sobreviva y contin\u00fae su rumbo. Para ello, utilizar\u00e1 las diferentes pantallas y herramientas de su cabina de trabajo con el objetivo de comunicarse con el resto de agentes del cuerpo. <\/span><\/p>[\/et_pb_text][et_pb_button button_url=\u00bbhttps:\/\/alivethanksforasking.alexverdia.com\/\/index.php\/descripcion\/\u00bb url_new_window=\u00bbon\u00bb button_text=\u00bbMas info\u00bb _builder_version=\u00bb4.27.4&#8243; _module_preset=\u00bbdefault\u00bb custom_button=\u00bbon\u00bb button_text_color=\u00bb#FFFFFF\u00bb button_bg_color=\u00bb#893c35&#8243; button_border_color=\u00bbRGBA(255,255,255,0)\u00bb global_colors_info=\u00bb{}\u00bb][\/et_pb_button][\/et_pb_column][et_pb_column type=\u00bb1_2&#8243; _builder_version=\u00bb4.27.4&#8243; _module_preset=\u00bbdefault\u00bb global_colors_info=\u00bb{}\u00bb][et_pb_divider color=\u00bbRGBA(255,255,255,0)\u00bb _builder_version=\u00bb4.27.4&#8243; _module_preset=\u00bbdefault\u00bb custom_padding=\u00bb45px||||false|false\u00bb global_colors_info=\u00bb{}\u00bb][\/et_pb_divider][et_pb_image src=\u00bbhttps:\/\/alivethanksforasking.alexverdia.com\/\/wp-content\/uploads\/2025\/01\/Salamando.png\u00bb align=\u00bbcenter\u00bb _builder_version=\u00bb4.27.4&#8243; _module_preset=\u00bbdefault\u00bb max_width=\u00bb100%\u00bb max_height=\u00bb100%\u00bb global_colors_info=\u00bb{}\u00bb][\/et_pb_image][\/et_pb_column][\/et_pb_row][\/et_pb_section][et_pb_section fb_built=\u00bb1&#8243; admin_label=\u00bbOur Services\u00bb _builder_version=\u00bb4.27.4&#8243; background_color=\u00bb#361e17&#8243; custom_padding=\u00bb0px|0px|100px|0px||\u00bb saved_tabs=\u00bball\u00bb global_colors_info=\u00bb{}\u00bb][et_pb_row admin_label=\u00bbTitle Row\u00bb _builder_version=\u00bb4.16&#8243; global_colors_info=\u00bb{}\u00bb][et_pb_column type=\u00bb4_4&#8243; _builder_version=\u00bb4.16&#8243; custom_padding=\u00bb|||\u00bb global_colors_info=\u00bb{}\u00bb custom_padding__hover=\u00bb|||\u00bb][et_pb_text admin_label=\u00bbTitle\u00bb _builder_version=\u00bb4.27.4&#8243; text_font=\u00bbNoto Sans Bengali||||||||\u00bb text_text_color=\u00bb#FFFFFF\u00bb text_font_size=\u00bb16px\u00bb text_line_height=\u00bb1.8em\u00bb header_font=\u00bbAldrich|700|||||||\u00bb header_text_color=\u00bb#FFFFFF\u00bb header_2_font=\u00bbAnonymous Pro|700|||||||\u00bb header_2_text_color=\u00bb#FFFFFF\u00bb header_2_font_size=\u00bb40px\u00bb header_2_line_height=\u00bb1.4em\u00bb text_orientation=\u00bbcenter\u00bb max_width=\u00bb601px\u00bb module_alignment=\u00bbcenter\u00bb global_colors_info=\u00bb{}\u00bb]<h2>CATEGOR\u00cdAS<\/h2>\n<p>Aqu\u00ed encontrar\u00e1s los apartados y sub apartados del Game Design Document<\/p>[\/et_pb_text][\/et_pb_column][\/et_pb_row][et_pb_row column_structure=\u00bb1_3,1_3,1_3&#8243; admin_label=\u00bbServices\u00bb _builder_version=\u00bb4.27.4&#8243; global_colors_info=\u00bb{}\u00bb][et_pb_column type=\u00bb1_3&#8243; _builder_version=\u00bb4.16&#8243; custom_padding=\u00bb|||\u00bb global_colors_info=\u00bb{}\u00bb custom_padding__hover=\u00bb|||\u00bb][et_pb_blurb title=\u00bbDESCRIPCION T\u00c9CNICA\u00bb url=\u00bbhttps:\/\/alivethanksforasking.alexverdia.com\/\/index.php\/descripciontecnica\/\u00bb url_new_window=\u00bbon\u00bb image_icon_background_color=\u00bbRGBA(255,255,255,0)\u00bb admin_label=\u00bbService\u00bb _builder_version=\u00bb4.27.4&#8243; header_font=\u00bbAnonymous Pro|600|||||||\u00bb header_text_align=\u00bbcenter\u00bb header_font_size=\u00bb20px\u00bb header_line_height=\u00bb1.7em\u00bb body_font=\u00bbNoto Sans Bengali||||||||\u00bb body_text_align=\u00bbcenter\u00bb body_text_color=\u00bb#FFFFFF\u00bb body_font_size=\u00bb16px\u00bb body_line_height=\u00bb1.8em\u00bb background_color=\u00bb#ac724b\u00bb background_layout=\u00bbdark\u00bb custom_padding=\u00bb60px|40px|60px|40px||true\u00bb child_filter_saturate=\u00bb0%\u00bb child_filter_brightness=\u00bb200%\u00bb animation_style=\u00bbslide\u00bb animation_direction=\u00bbbottom\u00bb animation_intensity_slide=\u00bb10%\u00bb animation=\u00bboff\u00bb link_option_url=\u00bbhttps:\/\/alivethanksforasking.alexverdia.com\/\/index.php\/descripciontecnica\/\u00bb link_option_url_new_window=\u00bbon\u00bb border_radii=\u00bbon|5px|5px|5px|5px\u00bb border_width_all=\u00bb3px\u00bb border_color_all=\u00bb#ac724b\u00bb global_colors_info=\u00bb{}\u00bb][\/et_pb_blurb][\/et_pb_column][et_pb_column type=\u00bb1_3&#8243; _builder_version=\u00bb4.16&#8243; custom_padding=\u00bb|||\u00bb global_colors_info=\u00bb{}\u00bb custom_padding__hover=\u00bb|||\u00bb][et_pb_blurb title=\u00bbGAMEPLAY\u00bb url=\u00bbhttps:\/\/alivethanksforasking.alexverdia.com\/\/index.php\/gameplaycategorias\/\u00bb url_new_window=\u00bbon\u00bb image_icon_background_color=\u00bbRGBA(255,255,255,0)\u00bb admin_label=\u00bbService\u00bb _builder_version=\u00bb4.27.4&#8243; header_font=\u00bbAnonymous Pro|600|||||||\u00bb header_text_align=\u00bbcenter\u00bb header_text_color=\u00bb#FFFFFF\u00bb header_font_size=\u00bb20px\u00bb header_line_height=\u00bb1.7em\u00bb body_font=\u00bbNoto Sans Bengali||||||||\u00bb body_text_align=\u00bbcenter\u00bb body_text_color=\u00bb#FFFFFF\u00bb body_font_size=\u00bb16px\u00bb body_line_height=\u00bb1.8em\u00bb background_color=\u00bb#4a5338&#8243; custom_padding=\u00bb60px|30px|60px|40px\u00bb child_filter_saturate=\u00bb0%\u00bb child_filter_brightness=\u00bb200%\u00bb animation_style=\u00bbslide\u00bb animation_direction=\u00bbbottom\u00bb animation_intensity_slide=\u00bb10%\u00bb animation=\u00bboff\u00bb link_option_url=\u00bbhttps:\/\/alivethanksforasking.alexverdia.com\/\/index.php\/gameplaycategorias\/\u00bb link_option_url_new_window=\u00bbon\u00bb border_radii=\u00bbon|5px|5px|5px|5px\u00bb border_width_all=\u00bb3px\u00bb border_color_all=\u00bb#4a5338&#8243; global_colors_info=\u00bb{}\u00bb][\/et_pb_blurb][\/et_pb_column][et_pb_column type=\u00bb1_3&#8243; _builder_version=\u00bb4.16&#8243; custom_padding=\u00bb|||\u00bb global_colors_info=\u00bb{}\u00bb custom_padding__hover=\u00bb|||\u00bb][et_pb_blurb title=\u00bbHISTORIA\u00bb url=\u00bbhttps:\/\/alivethanksforasking.alexverdia.com\/\/index.php\/historia\/\u00bb url_new_window=\u00bbon\u00bb image_icon_background_color=\u00bbRGBA(255,255,255,0)\u00bb admin_label=\u00bbService\u00bb _builder_version=\u00bb4.27.4&#8243; header_font=\u00bbAnonymous Pro|600|||||||\u00bb header_text_align=\u00bbcenter\u00bb header_text_color=\u00bb#000000&#8243; header_font_size=\u00bb20px\u00bb header_line_height=\u00bb1.7em\u00bb body_font=\u00bbNoto Sans Bengali||||||||\u00bb body_text_align=\u00bbcenter\u00bb body_text_color=\u00bb#000000&#8243; body_font_size=\u00bb16px\u00bb body_line_height=\u00bb1.8em\u00bb background_color=\u00bb#dad69e\u00bb custom_padding=\u00bb60px|30px|60px|40px\u00bb child_filter_saturate=\u00bb0%\u00bb child_filter_brightness=\u00bb200%\u00bb animation_style=\u00bbslide\u00bb animation_direction=\u00bbbottom\u00bb animation_intensity_slide=\u00bb10%\u00bb animation=\u00bboff\u00bb link_option_url=\u00bbhttps:\/\/alivethanksforasking.alexverdia.com\/\/index.php\/historia\/\u00bb link_option_url_new_window=\u00bbon\u00bb border_radii=\u00bbon|5px|5px|5px|5px\u00bb border_width_all=\u00bb3px\u00bb border_color_all=\u00bb#dad69e\u00bb global_colors_info=\u00bb{}\u00bb][\/et_pb_blurb][\/et_pb_column][\/et_pb_row][et_pb_row column_structure=\u00bb1_3,1_3,1_3&#8243; admin_label=\u00bbServices\u00bb _builder_version=\u00bb4.27.4&#8243; global_colors_info=\u00bb{}\u00bb][et_pb_column type=\u00bb1_3&#8243; _builder_version=\u00bb4.16&#8243; custom_padding=\u00bb|||\u00bb global_colors_info=\u00bb{}\u00bb custom_padding__hover=\u00bb|||\u00bb][et_pb_blurb title=\u00bbMARKETING\u00bb url=\u00bbhttps:\/\/alivethanksforasking.alexverdia.com\/\/index.php\/marketing\/\u00bb url_new_window=\u00bbon\u00bb image_icon_background_color=\u00bbRGBA(255,255,255,0)\u00bb admin_label=\u00bbService\u00bb _builder_version=\u00bb4.27.4&#8243; header_font=\u00bbAnonymous Pro|600|||||||\u00bb header_text_align=\u00bbcenter\u00bb header_font_size=\u00bb20px\u00bb header_line_height=\u00bb1.7em\u00bb body_font=\u00bbNoto Sans Bengali||||||||\u00bb body_text_align=\u00bbcenter\u00bb body_text_color=\u00bb#FFFFFF\u00bb body_font_size=\u00bb16px\u00bb body_line_height=\u00bb1.8em\u00bb background_color=\u00bb#41403d\u00bb background_layout=\u00bbdark\u00bb custom_padding=\u00bb60px|40px|60px|40px||true\u00bb child_filter_saturate=\u00bb0%\u00bb child_filter_brightness=\u00bb200%\u00bb animation_style=\u00bbslide\u00bb animation_direction=\u00bbbottom\u00bb animation_intensity_slide=\u00bb10%\u00bb animation=\u00bboff\u00bb link_option_url=\u00bbhttps:\/\/alivethanksforasking.alexverdia.com\/\/index.php\/marketing\/\u00bb link_option_url_new_window=\u00bbon\u00bb border_radii=\u00bbon|5px|5px|5px|5px\u00bb border_width_all=\u00bb3px\u00bb border_color_all=\u00bb#41403d\u00bb global_colors_info=\u00bb{}\u00bb][\/et_pb_blurb][\/et_pb_column][et_pb_column type=\u00bb1_3&#8243; _builder_version=\u00bb4.16&#8243; custom_padding=\u00bb|||\u00bb global_colors_info=\u00bb{}\u00bb custom_padding__hover=\u00bb|||\u00bb][et_pb_blurb title=\u00bbESTILO Y SONIDO\u00bb url=\u00bbhttps:\/\/alivethanksforasking.alexverdia.com\/\/index.php\/estiloysonido\/\u00bb url_new_window=\u00bbon\u00bb image_icon_background_color=\u00bbRGBA(255,255,255,0)\u00bb admin_label=\u00bbService\u00bb _builder_version=\u00bb4.27.4&#8243; header_font=\u00bbAnonymous Pro|600|||||||\u00bb header_text_align=\u00bbcenter\u00bb header_text_color=\u00bb#FFFFFF\u00bb header_font_size=\u00bb20px\u00bb header_line_height=\u00bb1.7em\u00bb body_font=\u00bbNoto Sans Bengali||||||||\u00bb body_text_align=\u00bbcenter\u00bb body_text_color=\u00bb#FFFFFF\u00bb body_font_size=\u00bb16px\u00bb body_line_height=\u00bb1.8em\u00bb background_color=\u00bb#946371&#8243; custom_padding=\u00bb60px|30px|60px|40px\u00bb child_filter_saturate=\u00bb0%\u00bb child_filter_brightness=\u00bb200%\u00bb animation_style=\u00bbslide\u00bb animation_direction=\u00bbbottom\u00bb animation_intensity_slide=\u00bb10%\u00bb animation=\u00bboff\u00bb link_option_url=\u00bbhttps:\/\/alivethanksforasking.alexverdia.com\/\/index.php\/estiloysonido\/\u00bb link_option_url_new_window=\u00bbon\u00bb border_radii=\u00bbon|5px|5px|5px|5px\u00bb border_width_all=\u00bb3px\u00bb border_color_all=\u00bb#946371&#8243; global_colors_info=\u00bb{}\u00bb][\/et_pb_blurb][\/et_pb_column][et_pb_column type=\u00bb1_3&#8243; _builder_version=\u00bb4.16&#8243; custom_padding=\u00bb|||\u00bb global_colors_info=\u00bb{}\u00bb custom_padding__hover=\u00bb|||\u00bb][et_pb_blurb title=\u00bbPERSONAJES\u00bb url=\u00bbhttps:\/\/alivethanksforasking.alexverdia.com\/\/index.php\/personajes\/\u00bb url_new_window=\u00bbon\u00bb image_icon_background_color=\u00bbRGBA(255,255,255,0)\u00bb admin_label=\u00bbService\u00bb _builder_version=\u00bb4.27.4&#8243; header_font=\u00bbAnonymous Pro|600|||||||\u00bb header_text_align=\u00bbcenter\u00bb header_text_color=\u00bb#FFFFFF\u00bb header_font_size=\u00bb20px\u00bb header_line_height=\u00bb1.7em\u00bb body_font=\u00bbNoto Sans Bengali||||||||\u00bb body_text_align=\u00bbcenter\u00bb body_text_color=\u00bb#000000&#8243; body_font_size=\u00bb16px\u00bb body_line_height=\u00bb1.8em\u00bb background_color=\u00bb#7790aa\u00bb background_layout=\u00bbdark\u00bb custom_padding=\u00bb60px|30px|60px|40px\u00bb child_filter_saturate=\u00bb0%\u00bb child_filter_brightness=\u00bb200%\u00bb animation_style=\u00bbslide\u00bb animation_direction=\u00bbbottom\u00bb animation_intensity_slide=\u00bb10%\u00bb animation=\u00bboff\u00bb border_radii=\u00bbon|5px|5px|5px|5px\u00bb border_width_all=\u00bb3px\u00bb border_color_all=\u00bb#7790aa\u00bb global_colors_info=\u00bb{}\u00bb][\/et_pb_blurb][\/et_pb_column][\/et_pb_row][\/et_pb_section]\n","protected":false},"excerpt":{"rendered":"<p>DESCRIPCI\u00d3N Alive, Thanks for Asking es un videojuego en 2D de Rompecabezas y Simulaci\u00f3n dirigido a un p\u00fablico joven adulto de entre 21 y 30 a\u00f1os. El jugador toma el papel de Zena, la agente responsable del hemisferio cerebral izquierdo, que controla el complejo funcionamiento interno de una criatura. El objetivo del jugador es lograr [&hellip;]<\/p>\n","protected":false},"author":1,"featured_media":205882,"parent":0,"menu_order":0,"comment_status":"closed","ping_status":"closed","template":"","meta":{"_et_pb_use_builder":"on","_et_pb_old_content":"","_et_gb_content_width":"","footnotes":""},"class_list":["post-20","page","type-page","status-publish","has-post-thumbnail","hentry"],"yoast_head":"<!-- This site is optimized with the Yoast SEO Premium plugin v26.1 (Yoast SEO v26.1.1) - https:\/\/yoast.com\/wordpress\/plugins\/seo\/ -->\n<title>Home - SapoconchoSP<\/title>\n<meta name=\"description\" content=\"Alive, Thanks for Asking es un videojuego en 2D de Rompecabezas y Simulaci\u00f3n dirigido a un p\u00fablico joven adulto de entre 21 y 30 a\u00f1os.El jugador toma el papel de Zena, la agente responsable del hemisferio cerebral izquierdo, que controla el complejo funcionamiento interno de una criatura.\" \/>\n<meta name=\"robots\" content=\"index, follow, max-snippet:-1, max-image-preview:large, max-video-preview:-1\" \/>\n<link rel=\"canonical\" href=\"https:\/\/alivethanksforasking.alexverdia.com\/\" \/>\n<meta property=\"og:locale\" content=\"es_ES\" \/>\n<meta property=\"og:type\" content=\"article\" \/>\n<meta property=\"og:title\" content=\"Home\" \/>\n<meta property=\"og:description\" content=\"Alive, Thanks for Asking es un videojuego en 2D de Rompecabezas y Simulaci\u00f3n dirigido a un p\u00fablico joven adulto de entre 21 y 30 a\u00f1os.El jugador toma el papel de Zena, la agente responsable del hemisferio cerebral izquierdo, que controla el complejo funcionamiento interno de una criatura.\" \/>\n<meta property=\"og:url\" content=\"https:\/\/alivethanksforasking.alexverdia.com\/\" \/>\n<meta property=\"og:site_name\" content=\"SapoconchoSP\" \/>\n<meta property=\"article:modified_time\" content=\"2025-10-12T19:15:36+00:00\" \/>\n<meta property=\"og:image\" content=\"https:\/\/alivethanksforasking.alexverdia.com\/wp-content\/uploads\/2025\/10\/FAVICON_SAPOCONCHO.png\" \/>\n\t<meta property=\"og:image:width\" content=\"1000\" \/>\n\t<meta property=\"og:image:height\" content=\"1000\" \/>\n\t<meta property=\"og:image:type\" content=\"image\/png\" \/>\n<meta name=\"twitter:card\" content=\"summary_large_image\" \/>\n<meta name=\"twitter:label1\" content=\"Tiempo de lectura\" \/>\n\t<meta name=\"twitter:data1\" content=\"1 minuto\" \/>\n<script type=\"application\/ld+json\" class=\"yoast-schema-graph\">{\"@context\":\"https:\/\/schema.org\",\"@graph\":[{\"@type\":\"WebPage\",\"@id\":\"https:\/\/alivethanksforasking.alexverdia.com\/\",\"url\":\"https:\/\/alivethanksforasking.alexverdia.com\/\",\"name\":\"Home - SapoconchoSP\",\"isPartOf\":{\"@id\":\"https:\/\/alivethanksforasking.alexverdia.com\/#website\"},\"primaryImageOfPage\":{\"@id\":\"https:\/\/alivethanksforasking.alexverdia.com\/#primaryimage\"},\"image\":{\"@id\":\"https:\/\/alivethanksforasking.alexverdia.com\/#primaryimage\"},\"thumbnailUrl\":\"https:\/\/alivethanksforasking.alexverdia.com\/wp-content\/uploads\/2025\/10\/FAVICON_SAPOCONCHO.png\",\"datePublished\":\"2025-01-14T16:09:13+00:00\",\"dateModified\":\"2025-10-12T19:15:36+00:00\",\"description\":\"Alive, Thanks for Asking es un videojuego en 2D de Rompecabezas y Simulaci\u00f3n dirigido a un p\u00fablico joven adulto de entre 21 y 30 a\u00f1os.El jugador toma el papel de Zena, la agente responsable del hemisferio cerebral izquierdo, que controla el complejo funcionamiento interno de una criatura.\",\"breadcrumb\":{\"@id\":\"https:\/\/alivethanksforasking.alexverdia.com\/#breadcrumb\"},\"inLanguage\":\"es\",\"potentialAction\":[{\"@type\":\"ReadAction\",\"target\":[\"https:\/\/alivethanksforasking.alexverdia.com\/\"]}]},{\"@type\":\"ImageObject\",\"inLanguage\":\"es\",\"@id\":\"https:\/\/alivethanksforasking.alexverdia.com\/#primaryimage\",\"url\":\"https:\/\/alivethanksforasking.alexverdia.com\/wp-content\/uploads\/2025\/10\/FAVICON_SAPOCONCHO.png\",\"contentUrl\":\"https:\/\/alivethanksforasking.alexverdia.com\/wp-content\/uploads\/2025\/10\/FAVICON_SAPOCONCHO.png\",\"width\":1000,\"height\":1000},{\"@type\":\"BreadcrumbList\",\"@id\":\"https:\/\/alivethanksforasking.alexverdia.com\/#breadcrumb\",\"itemListElement\":[{\"@type\":\"ListItem\",\"position\":1,\"name\":\"Home\",\"item\":\"https:\/\/alivethanksforasking.alexverdia.com\/\"},{\"@type\":\"ListItem\",\"position\":2,\"name\":\"Home\"}]},{\"@type\":\"WebSite\",\"@id\":\"https:\/\/alivethanksforasking.alexverdia.com\/#website\",\"url\":\"https:\/\/alivethanksforasking.alexverdia.com\/\",\"name\":\"SapoconchoSP\",\"description\":\"Sapoconcho SP\",\"potentialAction\":[{\"@type\":\"SearchAction\",\"target\":{\"@type\":\"EntryPoint\",\"urlTemplate\":\"https:\/\/alivethanksforasking.alexverdia.com\/?s={search_term_string}\"},\"query-input\":{\"@type\":\"PropertyValueSpecification\",\"valueRequired\":true,\"valueName\":\"search_term_string\"}}],\"inLanguage\":\"es\"}]}<\/script>\n<!-- \/ Yoast SEO Premium plugin. -->","yoast_head_json":{"title":"Home - SapoconchoSP","description":"Alive, Thanks for Asking es un videojuego en 2D de Rompecabezas y Simulaci\u00f3n dirigido a un p\u00fablico joven adulto de entre 21 y 30 a\u00f1os.El jugador toma el papel de Zena, la agente responsable del hemisferio cerebral izquierdo, que controla el complejo funcionamiento interno de una criatura.","robots":{"index":"index","follow":"follow","max-snippet":"max-snippet:-1","max-image-preview":"max-image-preview:large","max-video-preview":"max-video-preview:-1"},"canonical":"https:\/\/alivethanksforasking.alexverdia.com\/","og_locale":"es_ES","og_type":"article","og_title":"Home","og_description":"Alive, Thanks for Asking es un videojuego en 2D de Rompecabezas y Simulaci\u00f3n dirigido a un p\u00fablico joven adulto de entre 21 y 30 a\u00f1os.El jugador toma el papel de Zena, la agente responsable del hemisferio cerebral izquierdo, que controla el complejo funcionamiento interno de una criatura.","og_url":"https:\/\/alivethanksforasking.alexverdia.com\/","og_site_name":"SapoconchoSP","article_modified_time":"2025-10-12T19:15:36+00:00","og_image":[{"width":1000,"height":1000,"url":"https:\/\/alivethanksforasking.alexverdia.com\/wp-content\/uploads\/2025\/10\/FAVICON_SAPOCONCHO.png","type":"image\/png"}],"twitter_card":"summary_large_image","twitter_misc":{"Tiempo de lectura":"1 minuto"},"schema":{"@context":"https:\/\/schema.org","@graph":[{"@type":"WebPage","@id":"https:\/\/alivethanksforasking.alexverdia.com\/","url":"https:\/\/alivethanksforasking.alexverdia.com\/","name":"Home - SapoconchoSP","isPartOf":{"@id":"https:\/\/alivethanksforasking.alexverdia.com\/#website"},"primaryImageOfPage":{"@id":"https:\/\/alivethanksforasking.alexverdia.com\/#primaryimage"},"image":{"@id":"https:\/\/alivethanksforasking.alexverdia.com\/#primaryimage"},"thumbnailUrl":"https:\/\/alivethanksforasking.alexverdia.com\/wp-content\/uploads\/2025\/10\/FAVICON_SAPOCONCHO.png","datePublished":"2025-01-14T16:09:13+00:00","dateModified":"2025-10-12T19:15:36+00:00","description":"Alive, Thanks for Asking es un videojuego en 2D de Rompecabezas y Simulaci\u00f3n dirigido a un p\u00fablico joven adulto de entre 21 y 30 a\u00f1os.El jugador toma el papel de Zena, la agente responsable del hemisferio cerebral izquierdo, que controla el complejo funcionamiento interno de una criatura.","breadcrumb":{"@id":"https:\/\/alivethanksforasking.alexverdia.com\/#breadcrumb"},"inLanguage":"es","potentialAction":[{"@type":"ReadAction","target":["https:\/\/alivethanksforasking.alexverdia.com\/"]}]},{"@type":"ImageObject","inLanguage":"es","@id":"https:\/\/alivethanksforasking.alexverdia.com\/#primaryimage","url":"https:\/\/alivethanksforasking.alexverdia.com\/wp-content\/uploads\/2025\/10\/FAVICON_SAPOCONCHO.png","contentUrl":"https:\/\/alivethanksforasking.alexverdia.com\/wp-content\/uploads\/2025\/10\/FAVICON_SAPOCONCHO.png","width":1000,"height":1000},{"@type":"BreadcrumbList","@id":"https:\/\/alivethanksforasking.alexverdia.com\/#breadcrumb","itemListElement":[{"@type":"ListItem","position":1,"name":"Home","item":"https:\/\/alivethanksforasking.alexverdia.com\/"},{"@type":"ListItem","position":2,"name":"Home"}]},{"@type":"WebSite","@id":"https:\/\/alivethanksforasking.alexverdia.com\/#website","url":"https:\/\/alivethanksforasking.alexverdia.com\/","name":"SapoconchoSP","description":"Sapoconcho SP","potentialAction":[{"@type":"SearchAction","target":{"@type":"EntryPoint","urlTemplate":"https:\/\/alivethanksforasking.alexverdia.com\/?s={search_term_string}"},"query-input":{"@type":"PropertyValueSpecification","valueRequired":true,"valueName":"search_term_string"}}],"inLanguage":"es"}]}},"_links":{"self":[{"href":"https:\/\/alivethanksforasking.alexverdia.com\/index.php\/wp-json\/wp\/v2\/pages\/20","targetHints":{"allow":["GET"]}}],"collection":[{"href":"https:\/\/alivethanksforasking.alexverdia.com\/index.php\/wp-json\/wp\/v2\/pages"}],"about":[{"href":"https:\/\/alivethanksforasking.alexverdia.com\/index.php\/wp-json\/wp\/v2\/types\/page"}],"author":[{"embeddable":true,"href":"https:\/\/alivethanksforasking.alexverdia.com\/index.php\/wp-json\/wp\/v2\/users\/1"}],"replies":[{"embeddable":true,"href":"https:\/\/alivethanksforasking.alexverdia.com\/index.php\/wp-json\/wp\/v2\/comments?post=20"}],"version-history":[{"count":26,"href":"https:\/\/alivethanksforasking.alexverdia.com\/index.php\/wp-json\/wp\/v2\/pages\/20\/revisions"}],"predecessor-version":[{"id":205891,"href":"https:\/\/alivethanksforasking.alexverdia.com\/index.php\/wp-json\/wp\/v2\/pages\/20\/revisions\/205891"}],"wp:featuredmedia":[{"embeddable":true,"href":"https:\/\/alivethanksforasking.alexverdia.com\/index.php\/wp-json\/wp\/v2\/media\/205882"}],"wp:attachment":[{"href":"https:\/\/alivethanksforasking.alexverdia.com\/index.php\/wp-json\/wp\/v2\/media?parent=20"}],"curies":[{"name":"wp","href":"https:\/\/api.w.org\/{rel}","templated":true}]}}